{"id":38351,"date":"2023-09-29T11:13:31","date_gmt":"2023-09-29T16:13:31","guid":{"rendered":"https:\/\/iglesiapalabrapura.com\/site\/?page_id=38351"},"modified":"2023-09-29T11:22:18","modified_gmt":"2023-09-29T16:22:18","slug":"politica-de-privacidad","status":"publish","type":"page","link":"https:\/\/iglesiapalabrapura.com\/site\/politica-de-privacidad\/","title":{"rendered":"Politica de Privacidad"},"content":{"rendered":"\t\t<div data-elementor-type=\"wp-page\" data-elementor-id=\"38351\" class=\"elementor elementor-38351\" data-elementor-post-type=\"page\">\n\t\t\t\t\t\t<section class=\"elementor-section elementor-top-section elementor-element elementor-element-dfe7ad5 elementor-section-stretched elementor-section-boxed elementor-section-height-default elementor-section-height-default\" data-id=\"dfe7ad5\" data-element_type=\"section\" data-settings=\"{&quot;stretch_section&quot;:&quot;section-stretched&quot;,&quot;background_background&quot;:&quot;classic&quot;}\">\n\t\t\t\t\t\t<div class=\"elementor-container elementor-column-gap-default\">\n\t\t\t\t\t<div class=\"elementor-column elementor-col-50 elementor-top-column elementor-element elementor-element-87a3e92\" data-id=\"87a3e92\" data-element_type=\"column\">\n\t\t\t<div class=\"elementor-widget-wrap elementor-element-populated\">\n\t\t\t\t\t\t<div class=\"elementor-element elementor-element-0925a2d elementor-widget elementor-widget-rs-heading\" data-id=\"0925a2d\" data-element_type=\"widget\" data-widget_type=\"rs-heading.default\">\n\t\t\t\t<div class=\"elementor-widget-container\">\n\t\t\t\n        <div class=\"prelements-heading water__slide_no style4 animate- \">\n        \t<div class=\"title-inner\">        \t\t      \t\t\n\t            <h1 class=\"title\"><span class=\"watermark\">Faq<\/span>Pol\u00edtica de Privacidad<\/h1>\t\t\t\t\n\t\t\t\t\t        <\/div>\n\t                <\/div>\n        \t\t<\/div>\n\t\t\t\t<\/div>\n\t\t\t\t\t<\/div>\n\t\t<\/div>\n\t\t\t\t<div class=\"elementor-column elementor-col-50 elementor-top-column elementor-element elementor-element-15be91b\" data-id=\"15be91b\" data-element_type=\"column\">\n\t\t\t<div class=\"elementor-widget-wrap\">\n\t\t\t\t\t\t\t<\/div>\n\t\t<\/div>\n\t\t\t\t\t<\/div>\n\t\t<\/section>\n\t\t\t\t<section class=\"elementor-section elementor-top-section elementor-element elementor-element-a26a8f9 elementor-section-stretched elementor-section-boxed elementor-section-height-default elementor-section-height-default\" data-id=\"a26a8f9\" data-element_type=\"section\" data-settings=\"{&quot;stretch_section&quot;:&quot;section-stretched&quot;,&quot;background_background&quot;:&quot;classic&quot;}\">\n\t\t\t\t\t\t<div class=\"elementor-container elementor-column-gap-default\">\n\t\t\t\t\t<div class=\"elementor-column elementor-col-100 elementor-top-column elementor-element elementor-element-a3f5909\" data-id=\"a3f5909\" data-element_type=\"column\">\n\t\t\t<div class=\"elementor-widget-wrap elementor-element-populated\">\n\t\t\t\t\t\t<div class=\"elementor-element elementor-element-12de752 elementor-widget elementor-widget-rs-heading\" data-id=\"12de752\" data-element_type=\"widget\" data-widget_type=\"rs-heading.default\">\n\t\t\t\t<div class=\"elementor-widget-container\">\n\t\t\t\n        <div class=\"prelements-heading water__slide_ style4 animate-default left\">\n        \t<div class=\"title-inner\">        \t\t      \t\t\n\t            <h2 class=\"title\"><span class=\"watermark\"><\/span>Pol\u00edtica y Privacidad<\/h2>\t\t\t\t\n\t\t\t\t\t        <\/div>\n\t                <\/div>\n        \t\t<\/div>\n\t\t\t\t<\/div>\n\t\t\t\t<div class=\"elementor-element elementor-element-e57247d elementor-widget elementor-widget-rs-heading\" data-id=\"e57247d\" data-element_type=\"widget\" data-widget_type=\"rs-heading.default\">\n\t\t\t\t<div class=\"elementor-widget-container\">\n\t\t\t\n        <div class=\"prelements-heading water__slide_ default animate- \">\n        \t<div class=\"title-inner\">        \t\t      \t\t\n\t            \t\t\t\t\n\t\t\t\t\t        <\/div>\n\t                    \t<div class=\"description\">\n            \t\t<p><strong><b>AVISO LEGAL<\/b><\/strong><\/p><p><strong><b>DECLARACI<\/b><\/strong><strong><b>\u00d3<\/b><\/strong><strong><b>N DE PRIVACIDAD<\/b><\/strong><\/p><p>Tanto en la Asociaci\u00f3n Palabra Pura como en\u00a0Iglesia Palabra Pura, consideramos la privacidad de informaci\u00f3n un tema de alta de importancia, por lo que manifestamos, que no difundiremos, por ning\u00fan motivo, la informaci\u00f3n suministrada a ninguna empresa o Ministerio que no est\u00e9 directamente vinculado con nuestro Ministerio y Librer\u00eda. Por lo tanto, los datos personales de los usuarios y clientes que se registren en nuestra Tienda Online y en nuestra P\u00e1gina Web, ser\u00e1n manejados de forma confidencial, de acuerdo a la Ley vigente en Colombia y Espa\u00f1a.<\/p><p><strong><b>DATOS PERSONALES.<\/b><\/strong><\/p><p><strong><b>\u00a0<\/b><\/strong><strong><b>ESPA<\/b><\/strong><strong><b>\u00d1<\/b><\/strong><strong><b>A<br \/><\/b><\/strong>Asociaci\u00f3n Palabra Pura\u00a0informa que todos los\u00a0datos\u00a0de los usuarios y clientes ser\u00e1n tratados de conformidad con lo dispuesto en el Reglamento (UE) 2016\/679, de 27 de abril (GDPR), y la Ley Org\u00e1nica 3\/2018, de 5 de diciembre (LOPDGDD).<\/p><p><strong><b>COLOMBIA<br \/><\/b><\/strong>En cumplimiento con lo establecido por la Ley de Habeas Data (Art\u00edculo 15 de la Constituci\u00f3n Pol\u00edtica de Colombia, desarrollado por la Ley 1266 de 2008) y el Decreto 1727, cada usuario y cliente tiene la completa libertad de suministrar, rectificar, modificar y cancelar los datos que haya suministrado. Por lo tanto, habilitamos los siguientes canales para solicitar cualquier cambio en la informaci\u00f3n:<\/p><p>Mensaje de WhatsApp escrito al (+57) 3160449194.<\/p><p>Correo Electr\u00f3nico <a href=\"mailto:contacto@iglesiapalabrapura.com\"><u>contacto@iglesiapalabrapura.com<\/u><\/a><\/p><p>Para solicitar la baja de sus datos, se debe usar los mismos canales.<\/p><p>Recuerde que usted tiene derechos que protegen su informaci\u00f3n y le habilitan a conocer, actualizar y rectificar sus datos; derechos justificados en la Ley 1581 de 2012.<\/p><p><strong><b>CONSULTAS, PETICIONES Y RECLAMOS.<br \/><\/b><\/strong>Recibiremos con gusto su consulta, petici\u00f3n y reclamo en los siguientes canales:<\/p><p>Mensaje de WhatsApp escrito al (+57) 3160449194.<\/p><p>Correo Electr\u00f3nico <a href=\"mailto:contacto@iglesiapalabrapura.com\"><u>contacto@iglesiapalabrapura.com<\/u><\/a><\/p><p>Tenga en cuenta anexar su nombre completo, n\u00famero de identificaci\u00f3n (C\u00e9dula, DNI, Pasaporte), n\u00famero de tel\u00e9fono y una descripci\u00f3n detallada de su caso. Le responderemos en el menor tiempo posible, no mayor a 15 d\u00edas h\u00e1biles.<\/p><p><strong><b>USO DE COOKIES<br \/><\/b><\/strong>En esta P\u00e1gina hacemos uso de cookies para mejorar nuestra plataforma, sitio web, adaptaci\u00f3n de publicidad, contenido audiovisual y experiencia de navegaci\u00f3n. La informaci\u00f3n recolectada por las cookies no ser\u00e1 utilizada para revelar la informaci\u00f3n del usuario. De igual forma no se recopilar\u00e1n datos de los usuarios, tales como: n\u00famero de tarjetas d\u00e9bito o cr\u00e9dito u otra informaci\u00f3n de car\u00e1cter financiero o crediticio.\u00a0<\/p><p><strong><b>DISPONIBILIDAD DE PRODUCTOS.<br \/><\/b><\/strong>Todos los productos (recursos), tanto gratuitos como a la venta est\u00e1n sujetos a disponibilidad.<\/p><p>La informaci\u00f3n del producto, tanto en especificaci\u00f3n como en inventario est\u00e1 sujeta a cambios por error. Para casos donde se realicen compras, y el producto no est\u00e9 en inventario real, nos contactaremos con el cliente para hacer la respectiva devoluci\u00f3n de dinero en la moneda en que haya hecho la compra (Pesos Colombianos o Euros).<\/p><p>Haremos la devoluci\u00f3n del dinero si el cliente manifiesta defecto en el producto, o desee hacer un retracto de compra (Aplican T\u00e9rminos y Condiciones), o reversi\u00f3n de pago, a\u00a0menos que el cliente, de manera escrita,\u00a0exprese no tener inter\u00e9s en la devoluci\u00f3n del dinero. Para cancelaciones o retractos de compra, se habilitan nuestros canales de contacto.<\/p><p>Nos reservamos el derecho a cancelar su pedido, si no contamos con los productos comprados en nuestro inventario, dejando claro que haremos la devoluci\u00f3n total del dinero; a menos que el cliente manifieste el deseo de cambiar su pedido inicial por otros productos existentes en nuestro inventario (asumiendo saldos pendientes por mayor valor, si se presentara el caso).<\/p><p><strong><b>PRECIOS DE PRODUCTOS NO INCLUYEN COSTOS DE ENV<\/b><\/strong><strong><b>\u00cd<\/b><\/strong><strong><b>O<\/b><\/strong><\/p><p><strong><b>\u00a0<\/b><\/strong><\/p><p>Nuestros clientes pueden escoger reclamar su pedido en nuestras instalaciones, o solicitar env\u00edo a direcci\u00f3n, teniendo en cuenta que deben asumir los costos de env\u00edo.<\/p><p><strong><b>RETIRO DE PRODUCTOS<\/b><\/strong><\/p><p>Nos reservamos el derecho de retirar de la venta o para el uso gratuito cualquier producto o recurso de nuestra P\u00e1gina Web y Tienda Online, sin que tengamos que presentar un previo aviso.<\/p>            \t\t\n            \t<\/div>\n        \t        <\/div>\n        \t\t<\/div>\n\t\t\t\t<\/div>\n\t\t\t\t\t<\/div>\n\t\t<\/div>\n\t\t\t\t\t<\/div>\n\t\t<\/section>\n\t\t\t\t<\/div>\n\t\t","protected":false},"excerpt":{"rendered":"<p>FaqPol\u00edtica de Privacidad Pol\u00edtica y Privacidad AVISO LEGAL DECLARACI\u00d3N DE PRIVACIDAD Tanto en la Asociaci\u00f3n Palabra Pura como en\u00a0Iglesia Palabra Pura, consideramos la privacidad de informaci\u00f3n un tema de alta de importancia, por lo que manifestamos, que no difundiremos, por ning\u00fan motivo, la informaci\u00f3n suministrada a ninguna empresa o Ministerio que no est\u00e9 directamente vinculado&#8230;<\/p>\n","protected":false},"author":2,"featured_media":0,"parent":0,"menu_order":0,"comment_status":"closed","ping_status":"closed","template":"","meta":{"footnotes":""},"class_list":["post-38351","page","type-page","status-publish","hentry"],"_links":{"self":[{"href":"https:\/\/iglesiapalabrapura.com\/site\/wp-json\/wp\/v2\/pages\/38351","targetHints":{"allow":["GET"]}}],"collection":[{"href":"https:\/\/iglesiapalabrapura.com\/site\/wp-json\/wp\/v2\/pages"}],"about":[{"href":"https:\/\/iglesiapalabrapura.com\/site\/wp-json\/wp\/v2\/types\/page"}],"author":[{"embeddable":true,"href":"https:\/\/iglesiapalabrapura.com\/site\/wp-json\/wp\/v2\/users\/2"}],"replies":[{"embeddable":true,"href":"https:\/\/iglesiapalabrapura.com\/site\/wp-json\/wp\/v2\/comments?post=38351"}],"version-history":[{"count":11,"href":"https:\/\/iglesiapalabrapura.com\/site\/wp-json\/wp\/v2\/pages\/38351\/revisions"}],"predecessor-version":[{"id":38362,"href":"https:\/\/iglesiapalabrapura.com\/site\/wp-json\/wp\/v2\/pages\/38351\/revisions\/38362"}],"wp:attachment":[{"href":"https:\/\/iglesiapalabrapura.com\/site\/wp-json\/wp\/v2\/media?parent=38351"}],"curies":[{"name":"wp","href":"https:\/\/api.w.org\/{rel}","templated":true}]}}