{"id":28932,"date":"2023-04-01T05:00:12","date_gmt":"2023-04-01T10:00:12","guid":{"rendered":"https:\/\/iglesiapalabrapura.com\/site\/?post_type=product&#038;p=28932"},"modified":"2025-06-20T15:14:25","modified_gmt":"2025-06-20T20:14:25","slug":"rompiendo-abusos-financieros-en-iglesias","status":"publish","type":"product","link":"https:\/\/iglesiapalabrapura.com\/site\/product\/rompiendo-abusos-financieros-en-iglesias\/","title":{"rendered":"Rompiendo Abusos Financieros en Iglesias"},"content":{"rendered":"","protected":false},"excerpt":{"rendered":"<p>Dios tiene un orden en todas las cosas el cual est\u00e1 establecido en Su Palabra y las finanzas no son la excepci\u00f3n. Es necesario entender los principios en relaci\u00f3n a las finanzas por qu\u00e9 de esa manera haremos las cosas correctamente, empezando por reconocer si la Iglesia donde estamos sembrando es buena tierra o no. S\u00f3lo as\u00ed veremos los frutos de nuestra siembra.<br \/>\nNuestro Pastor Rafael por medio de la Palabra, nos ense\u00f1a c\u00f3mo poner en pr\u00e1ctica dichos principios.<\/p>\n<p>Ense\u00f1anza del a\u00f1o 2022<\/p>\n","protected":false},"featured_media":28933,"comment_status":"open","ping_status":"closed","template":"","meta":[],"product_cat":[52,1182,840],"product_tag":[123,68,67],"class_list":{"0":"post-28932","1":"product","2":"type-product","3":"status-publish","4":"has-post-thumbnail","6":"product_cat-audioensenanza","7":"product_cat-por-autor-audioensenanza","8":"product_cat-rafael-lemes","9":"product_tag-ensenanza","10":"product_tag-pastor-rafael","11":"product_tag-rompiendo-abusos-financieros-en-iglesias","13":"first","14":"instock","15":"downloadable","16":"virtual","17":"purchasable","18":"product-type-simple"},"_links":{"self":[{"href":"https:\/\/iglesiapalabrapura.com\/site\/wp-json\/wp\/v2\/product\/28932","targetHints":{"allow":["GET"]}}],"collection":[{"href":"https:\/\/iglesiapalabrapura.com\/site\/wp-json\/wp\/v2\/product"}],"about":[{"href":"https:\/\/iglesiapalabrapura.com\/site\/wp-json\/wp\/v2\/types\/product"}],"replies":[{"embeddable":true,"href":"https:\/\/iglesiapalabrapura.com\/site\/wp-json\/wp\/v2\/comments?post=28932"}],"wp:featuredmedia":[{"embeddable":true,"href":"https:\/\/iglesiapalabrapura.com\/site\/wp-json\/wp\/v2\/media\/28933"}],"wp:attachment":[{"href":"https:\/\/iglesiapalabrapura.com\/site\/wp-json\/wp\/v2\/media?parent=28932"}],"wp:term":[{"taxonomy":"product_cat","embeddable":true,"href":"https:\/\/iglesiapalabrapura.com\/site\/wp-json\/wp\/v2\/product_cat?post=28932"},{"taxonomy":"product_tag","embeddable":true,"href":"https:\/\/iglesiapalabrapura.com\/site\/wp-json\/wp\/v2\/product_tag?post=28932"}],"curies":[{"name":"wp","href":"https:\/\/api.w.org\/{rel}","templated":true}]}}