{"id":29053,"date":"2022-04-26T15:36:42","date_gmt":"2022-04-26T20:36:42","guid":{"rendered":"https:\/\/iglesiapalabrapura.com\/site\/?post_type=product&#038;p=29053"},"modified":"2025-10-17T11:10:24","modified_gmt":"2025-10-17T16:10:24","slug":"viviendo-en-lo-mejor-de-dios","status":"publish","type":"product","link":"https:\/\/iglesiapalabrapura.com\/site\/product\/viviendo-en-lo-mejor-de-dios\/","title":{"rendered":"Viviendo en lo Mejor de Dios"},"content":{"rendered":"","protected":false},"excerpt":{"rendered":"<p>La salud y la prosperidad divinas son mejores que una curaci\u00f3n y una provisi\u00f3n milagrosas. Si t\u00fa vives con salud y prosperidad divinas, no necesitar\u00e1s un milagro para ser sanado o para pagar tus gastos. Si no puedes ver cu\u00e1l es la diferencia entre las dos, quiz\u00e1 la raz\u00f3n es que t\u00fa solamente visitas lo mejor de Dios en vez de que verdaderamente vivas ah\u00ed.<\/p>\n<p>La mayor\u00eda de los cristianos viven en una situaci\u00f3n tal que solamente es cuesti\u00f3n de tiempo para que se presente una crisis en sus vidas y que necesiten un milagro. Quiz\u00e1 t\u00fa piensas que ser\u00eda maravilloso vivir de milagro en milagro, pero, \u00a1eso significa que tendr\u00edas que vivir de crisis en crisis!<\/p>\n<p>Los milagros son fabulosos cuando necesitas uno, pero su prop\u00f3sito no es que sobrevivas por ellos. Dios quiere cambiar el lugar donde vives. \u00a1Perm\u00edtele a Andrew que te muestre c\u00f3mo vivir en lo mejor de Dios hoy!<\/p>\n","protected":false},"featured_media":29054,"comment_status":"open","ping_status":"closed","template":"","meta":[],"product_cat":[838,54,1171,1158,1164,1159],"product_tag":[75,69,80],"class_list":{"0":"post-29053","1":"product","2":"type-product","3":"status-publish","4":"has-post-thumbnail","6":"product_cat-andrewwommack","7":"product_cat-libros","8":"product_cat-por-autor","9":"product_cat-por-temas","10":"product_cat-sanidad","11":"product_cat-vida-cristiana","12":"product_tag-andrew-wommack","13":"product_tag-libro","14":"product_tag-viviendo-en-lo-mejor-de-dios","16":"first","17":"instock","18":"shipping-taxable","19":"purchasable","20":"product-type-simple"},"_links":{"self":[{"href":"https:\/\/iglesiapalabrapura.com\/site\/wp-json\/wp\/v2\/product\/29053","targetHints":{"allow":["GET"]}}],"collection":[{"href":"https:\/\/iglesiapalabrapura.com\/site\/wp-json\/wp\/v2\/product"}],"about":[{"href":"https:\/\/iglesiapalabrapura.com\/site\/wp-json\/wp\/v2\/types\/product"}],"replies":[{"embeddable":true,"href":"https:\/\/iglesiapalabrapura.com\/site\/wp-json\/wp\/v2\/comments?post=29053"}],"wp:featuredmedia":[{"embeddable":true,"href":"https:\/\/iglesiapalabrapura.com\/site\/wp-json\/wp\/v2\/media\/29054"}],"wp:attachment":[{"href":"https:\/\/iglesiapalabrapura.com\/site\/wp-json\/wp\/v2\/media?parent=29053"}],"wp:term":[{"taxonomy":"product_cat","embeddable":true,"href":"https:\/\/iglesiapalabrapura.com\/site\/wp-json\/wp\/v2\/product_cat?post=29053"},{"taxonomy":"product_tag","embeddable":true,"href":"https:\/\/iglesiapalabrapura.com\/site\/wp-json\/wp\/v2\/product_tag?post=29053"}],"curies":[{"name":"wp","href":"https:\/\/api.w.org\/{rel}","templated":true}]}}