{"id":29068,"date":"2022-04-26T15:59:24","date_gmt":"2022-04-26T20:59:24","guid":{"rendered":"https:\/\/iglesiapalabrapura.com\/site\/?post_type=product&#038;p=29068"},"modified":"2025-10-20T09:49:47","modified_gmt":"2025-10-20T14:49:47","slug":"una-mejor-manera-de-orar","status":"publish","type":"product","link":"https:\/\/iglesiapalabrapura.com\/site\/product\/una-mejor-manera-de-orar\/","title":{"rendered":"Una Mejor Manera de Orar"},"content":{"rendered":"","protected":false},"excerpt":{"rendered":"<p>\u00bfEst\u00e1 produciendo buenos resultados tu manera de orar? DESPU\u00c9S DE CUATRO D\u00c9CADAS en el ministerio, Andrew Wommack ha descubierto algunas verdades importantes sobre la oraci\u00f3n. Su manera de orar es muy diferente de como era hace treinta a\u00f1os y \u00a1los resultados han mejorado considerablemente!<\/p>\n<p>Posiblemente te est\u00e1s haciendo las mismas preguntas que Andrew se hizo alguna vez. \u00bfEs la oraci\u00f3n mi deber como Cristiano? \u00bfEs el prop\u00f3sito primordial de la oraci\u00f3n pedirle a Dios que cubra mis necesidades y las necesidades de otros? \u00bfEst\u00e1 basada la respuesta de Dios a mi oraci\u00f3n en mi nivel de humildad y de sinceridad? \u00bfEs la respuesta a la oraci\u00f3n una decisi\u00f3n soberana de Dios, o tengo la capacidad de influenciarlo?<\/p>\n<p>Las claras respuestas b\u00edblicas a estas preguntas y m\u00e1s podr\u00edan cambiar considerablemente tu manera de orar. A lo mejor estas verdades no son la \u00fanica manera de orar, pero si no est\u00e1s obteniendo los resultados que deseas, considera cambiar de direcci\u00f3n; a lo mejor hay Una Mejor Manera de Orar.<\/p>\n","protected":false},"featured_media":29069,"comment_status":"open","ping_status":"closed","template":"","meta":[],"product_cat":[838,54,1161,1171,1158],"product_tag":[75,69,88],"class_list":{"0":"post-29068","1":"product","2":"type-product","3":"status-publish","4":"has-post-thumbnail","6":"product_cat-andrewwommack","7":"product_cat-libros","8":"product_cat-oracion","9":"product_cat-por-autor","10":"product_cat-por-temas","11":"product_tag-andrew-wommack","12":"product_tag-libro","13":"product_tag-una-mejor-manera-de-orar","15":"first","16":"instock","17":"shipping-taxable","18":"purchasable","19":"product-type-simple"},"_links":{"self":[{"href":"https:\/\/iglesiapalabrapura.com\/site\/wp-json\/wp\/v2\/product\/29068","targetHints":{"allow":["GET"]}}],"collection":[{"href":"https:\/\/iglesiapalabrapura.com\/site\/wp-json\/wp\/v2\/product"}],"about":[{"href":"https:\/\/iglesiapalabrapura.com\/site\/wp-json\/wp\/v2\/types\/product"}],"replies":[{"embeddable":true,"href":"https:\/\/iglesiapalabrapura.com\/site\/wp-json\/wp\/v2\/comments?post=29068"}],"wp:featuredmedia":[{"embeddable":true,"href":"https:\/\/iglesiapalabrapura.com\/site\/wp-json\/wp\/v2\/media\/29069"}],"wp:attachment":[{"href":"https:\/\/iglesiapalabrapura.com\/site\/wp-json\/wp\/v2\/media?parent=29068"}],"wp:term":[{"taxonomy":"product_cat","embeddable":true,"href":"https:\/\/iglesiapalabrapura.com\/site\/wp-json\/wp\/v2\/product_cat?post=29068"},{"taxonomy":"product_tag","embeddable":true,"href":"https:\/\/iglesiapalabrapura.com\/site\/wp-json\/wp\/v2\/product_tag?post=29068"}],"curies":[{"name":"wp","href":"https:\/\/api.w.org\/{rel}","templated":true}]}}