{"id":29102,"date":"2023-04-30T05:00:01","date_gmt":"2023-04-30T10:00:01","guid":{"rendered":"https:\/\/iglesiapalabrapura.com\/site\/?post_type=product&#038;p=29102"},"modified":"2025-11-22T11:25:06","modified_gmt":"2025-11-22T16:25:06","slug":"la-santa-cena","status":"publish","type":"product","link":"https:\/\/iglesiapalabrapura.com\/site\/product\/la-santa-cena\/","title":{"rendered":"La Santa Cena"},"content":{"rendered":"","protected":false},"excerpt":{"rendered":"<p>\u201cCuando usted toma el pan, hace memoria de la m\u00e1s grande expresi\u00f3n del amor de Dios hacia el hombre, manifestado en el cuerpo de Su Hijo Jes\u00fas, que llev\u00f3 el juicio que el hombre merec\u00eda, por la ca\u00edda de Ad\u00e1n. Jesucristo mismo tom\u00f3 en Su espalda los azotes que desgarraron Su carne y formaron la inmensa herida, para que por Su llaga fu\u00e9ramos nosotros sanados (1 Pedro 2:24).<br \/>\nCuando usted toma el vino, recuerda la sangre de Jesucristo que no ten\u00eda pecado, pero se hizo pecado en la cruz, para que nosotros hoy podamos ser la justicia de Dios en Cristo \u2014santos y puros delante de Dios\u2014, porque el castigo de nuestra paz, para con Dios, recay\u00f3 sobre \u00c9l (Isa\u00edas 53:5).\u201d<\/p>\n","protected":false},"featured_media":29103,"comment_status":"open","ping_status":"closed","template":"","meta":[],"product_cat":[890,54,1171,1158,1164],"product_tag":[114,61,69,62],"class_list":{"0":"post-29102","1":"product","2":"type-product","3":"status-publish","4":"has-post-thumbnail","6":"product_cat-adrianalemes-libros","7":"product_cat-libros","8":"product_cat-por-autor","9":"product_cat-por-temas","10":"product_cat-sanidad","11":"product_tag-adriana-h-lemes","12":"product_tag-la-santa-cena","13":"product_tag-libro","14":"product_tag-pastora-adriana-lemes","16":"first","17":"instock","18":"shipping-taxable","19":"purchasable","20":"product-type-simple"},"_links":{"self":[{"href":"https:\/\/iglesiapalabrapura.com\/site\/wp-json\/wp\/v2\/product\/29102","targetHints":{"allow":["GET"]}}],"collection":[{"href":"https:\/\/iglesiapalabrapura.com\/site\/wp-json\/wp\/v2\/product"}],"about":[{"href":"https:\/\/iglesiapalabrapura.com\/site\/wp-json\/wp\/v2\/types\/product"}],"replies":[{"embeddable":true,"href":"https:\/\/iglesiapalabrapura.com\/site\/wp-json\/wp\/v2\/comments?post=29102"}],"wp:featuredmedia":[{"embeddable":true,"href":"https:\/\/iglesiapalabrapura.com\/site\/wp-json\/wp\/v2\/media\/29103"}],"wp:attachment":[{"href":"https:\/\/iglesiapalabrapura.com\/site\/wp-json\/wp\/v2\/media?parent=29102"}],"wp:term":[{"taxonomy":"product_cat","embeddable":true,"href":"https:\/\/iglesiapalabrapura.com\/site\/wp-json\/wp\/v2\/product_cat?post=29102"},{"taxonomy":"product_tag","embeddable":true,"href":"https:\/\/iglesiapalabrapura.com\/site\/wp-json\/wp\/v2\/product_tag?post=29102"}],"curies":[{"name":"wp","href":"https:\/\/api.w.org\/{rel}","templated":true}]}}