{"id":29106,"date":"2022-04-26T18:42:43","date_gmt":"2022-04-26T23:42:43","guid":{"rendered":"https:\/\/iglesiapalabrapura.com\/site\/?post_type=product&#038;p=29106"},"modified":"2025-10-17T11:57:01","modified_gmt":"2025-10-17T16:57:01","slug":"discipulado-nivel-2","status":"publish","type":"product","link":"https:\/\/iglesiapalabrapura.com\/site\/product\/discipulado-nivel-2\/","title":{"rendered":"Discipulado nivel 2"},"content":{"rendered":"","protected":false},"excerpt":{"rendered":"<p>Dios a establecido un orden en todas las cosas el cual s\u00f3lo podemos conocer por medio de la Palabra, as\u00ed que, en este estudio, aprender\u00e1s los rudimentos y doctrinas b\u00e1sicos y de esta manera tener claridad de como funciona el Esp\u00edritu Santo en cada uno de nosotros dependiendo del llamado y dones que dios ha puesto en cada uno.<\/p>\n","protected":false},"featured_media":29107,"comment_status":"open","ping_status":"closed","template":"","meta":[],"product_cat":[1170,54,1171,1158,1201],"product_tag":[66,117,116,65],"class_list":{"0":"post-29106","1":"product","2":"type-product","3":"status-publish","4":"has-post-thumbnail","6":"product_cat-discipulado","7":"product_cat-libros","8":"product_cat-por-autor","9":"product_cat-por-temas","10":"product_cat-rafael-lemes-por-autor","11":"product_tag-blaze-college","12":"product_tag-discipulado-nivel-2","13":"product_tag-iglesia-palabra-pura","14":"product_tag-pastor-rafael-lemes","16":"first","17":"instock","18":"shipping-taxable","19":"purchasable","20":"product-type-simple"},"_links":{"self":[{"href":"https:\/\/iglesiapalabrapura.com\/site\/wp-json\/wp\/v2\/product\/29106","targetHints":{"allow":["GET"]}}],"collection":[{"href":"https:\/\/iglesiapalabrapura.com\/site\/wp-json\/wp\/v2\/product"}],"about":[{"href":"https:\/\/iglesiapalabrapura.com\/site\/wp-json\/wp\/v2\/types\/product"}],"replies":[{"embeddable":true,"href":"https:\/\/iglesiapalabrapura.com\/site\/wp-json\/wp\/v2\/comments?post=29106"}],"wp:featuredmedia":[{"embeddable":true,"href":"https:\/\/iglesiapalabrapura.com\/site\/wp-json\/wp\/v2\/media\/29107"}],"wp:attachment":[{"href":"https:\/\/iglesiapalabrapura.com\/site\/wp-json\/wp\/v2\/media?parent=29106"}],"wp:term":[{"taxonomy":"product_cat","embeddable":true,"href":"https:\/\/iglesiapalabrapura.com\/site\/wp-json\/wp\/v2\/product_cat?post=29106"},{"taxonomy":"product_tag","embeddable":true,"href":"https:\/\/iglesiapalabrapura.com\/site\/wp-json\/wp\/v2\/product_tag?post=29106"}],"curies":[{"name":"wp","href":"https:\/\/api.w.org\/{rel}","templated":true}]}}