{"id":29114,"date":"2022-04-27T09:09:41","date_gmt":"2022-04-27T14:09:41","guid":{"rendered":"https:\/\/iglesiapalabrapura.com\/site\/?post_type=product&#038;p=29114"},"modified":"2024-05-17T11:39:35","modified_gmt":"2024-05-17T16:39:35","slug":"viviendo-en-su-palabra","status":"publish","type":"product","link":"https:\/\/iglesiapalabrapura.com\/site\/product\/viviendo-en-su-palabra\/","title":{"rendered":"Viviendo En Su Palabra (Serie)"},"content":{"rendered":"","protected":false},"excerpt":{"rendered":"<p class=\"p1\"><span class=\"s1\">Nuestro Pastor Rafael Lemes nos explica, a trav\u00e9s de esta Serie de 2 partes, fundamentos b\u00e1sicos, pero important\u00edsimos para vivir de acuerdo a la Palabra de Dios, y as\u00ed experimentar la vida en abundancia que Jesucristo gan\u00f3 por nosotros.<\/span><\/p>\n<p>Ense\u00f1anza del a\u00f1o 2016<\/p>\n","protected":false},"featured_media":29115,"comment_status":"open","ping_status":"closed","template":"","meta":[],"product_cat":[52,840],"product_tag":[65,120,121],"class_list":{"0":"post-29114","1":"product","2":"type-product","3":"status-publish","4":"has-post-thumbnail","6":"product_cat-audioensenanza","7":"product_cat-rafael-lemes","8":"product_tag-pastor-rafael-lemes","9":"product_tag-serie","10":"product_tag-viviendo-en-su-palabra","12":"first","13":"instock","14":"downloadable","15":"virtual","16":"purchasable","17":"product-type-simple"},"_links":{"self":[{"href":"https:\/\/iglesiapalabrapura.com\/site\/wp-json\/wp\/v2\/product\/29114","targetHints":{"allow":["GET"]}}],"collection":[{"href":"https:\/\/iglesiapalabrapura.com\/site\/wp-json\/wp\/v2\/product"}],"about":[{"href":"https:\/\/iglesiapalabrapura.com\/site\/wp-json\/wp\/v2\/types\/product"}],"replies":[{"embeddable":true,"href":"https:\/\/iglesiapalabrapura.com\/site\/wp-json\/wp\/v2\/comments?post=29114"}],"wp:featuredmedia":[{"embeddable":true,"href":"https:\/\/iglesiapalabrapura.com\/site\/wp-json\/wp\/v2\/media\/29115"}],"wp:attachment":[{"href":"https:\/\/iglesiapalabrapura.com\/site\/wp-json\/wp\/v2\/media?parent=29114"}],"wp:term":[{"taxonomy":"product_cat","embeddable":true,"href":"https:\/\/iglesiapalabrapura.com\/site\/wp-json\/wp\/v2\/product_cat?post=29114"},{"taxonomy":"product_tag","embeddable":true,"href":"https:\/\/iglesiapalabrapura.com\/site\/wp-json\/wp\/v2\/product_tag?post=29114"}],"curies":[{"name":"wp","href":"https:\/\/api.w.org\/{rel}","templated":true}]}}