{"id":29137,"date":"2022-04-27T10:17:26","date_gmt":"2022-04-27T15:17:26","guid":{"rendered":"https:\/\/iglesiapalabrapura.com\/site\/?post_type=product&#038;p=29137"},"modified":"2024-05-17T11:38:17","modified_gmt":"2024-05-17T16:38:17","slug":"venciendo-el-temor","status":"publish","type":"product","link":"https:\/\/iglesiapalabrapura.com\/site\/product\/venciendo-el-temor\/","title":{"rendered":"Venciendo El Temor"},"content":{"rendered":"","protected":false},"excerpt":{"rendered":"<p class=\"p1\"><span class=\"s1\">La mayor\u00eda de Cristianos en el mundo viven con temor y expectativa de malas noticias. Esto los lleva a caminar inestables delante de Dios y con duda ante las Promesas de Dios, de manera que no experimentan las Bendiciones y Promesas que han estado disponibles para ellos. Nuestro Pastor Rafael Lemes a trav\u00e9s de esta Serie de 3 Ense\u00f1anzas te mostrar\u00e1 c\u00f3mo puedes vencer el temor.<\/span><\/p>\n<p>Ense\u00f1anza del a\u00f1o 2017<\/p>\n","protected":false},"featured_media":29119,"comment_status":"open","ping_status":"closed","template":"","meta":[],"product_cat":[52,840],"product_tag":[116,65,120,127],"class_list":{"0":"post-29137","1":"product","2":"type-product","3":"status-publish","4":"has-post-thumbnail","6":"product_cat-audioensenanza","7":"product_cat-rafael-lemes","8":"product_tag-iglesia-palabra-pura","9":"product_tag-pastor-rafael-lemes","10":"product_tag-serie","11":"product_tag-venciendo-el-temor","13":"first","14":"instock","15":"downloadable","16":"virtual","17":"purchasable","18":"product-type-simple"},"_links":{"self":[{"href":"https:\/\/iglesiapalabrapura.com\/site\/wp-json\/wp\/v2\/product\/29137","targetHints":{"allow":["GET"]}}],"collection":[{"href":"https:\/\/iglesiapalabrapura.com\/site\/wp-json\/wp\/v2\/product"}],"about":[{"href":"https:\/\/iglesiapalabrapura.com\/site\/wp-json\/wp\/v2\/types\/product"}],"replies":[{"embeddable":true,"href":"https:\/\/iglesiapalabrapura.com\/site\/wp-json\/wp\/v2\/comments?post=29137"}],"wp:featuredmedia":[{"embeddable":true,"href":"https:\/\/iglesiapalabrapura.com\/site\/wp-json\/wp\/v2\/media\/29119"}],"wp:attachment":[{"href":"https:\/\/iglesiapalabrapura.com\/site\/wp-json\/wp\/v2\/media?parent=29137"}],"wp:term":[{"taxonomy":"product_cat","embeddable":true,"href":"https:\/\/iglesiapalabrapura.com\/site\/wp-json\/wp\/v2\/product_cat?post=29137"},{"taxonomy":"product_tag","embeddable":true,"href":"https:\/\/iglesiapalabrapura.com\/site\/wp-json\/wp\/v2\/product_tag?post=29137"}],"curies":[{"name":"wp","href":"https:\/\/api.w.org\/{rel}","templated":true}]}}