{"id":29138,"date":"2022-04-27T10:35:14","date_gmt":"2022-04-27T15:35:14","guid":{"rendered":"https:\/\/iglesiapalabrapura.com\/site\/?post_type=product&#038;p=29138"},"modified":"2024-07-04T16:55:01","modified_gmt":"2024-07-04T21:55:01","slug":"el-perdon-tiene-algun-limite-serie","status":"publish","type":"product","link":"https:\/\/iglesiapalabrapura.com\/site\/product\/el-perdon-tiene-algun-limite-serie\/","title":{"rendered":"El Perd\u00f3n \u00bfTiene Alg\u00fan L\u00edmite? (Serie)"},"content":{"rendered":"","protected":false},"excerpt":{"rendered":"<p class=\"p1\"><span class=\"s1\">El Perd\u00f3n es uno de los temas m\u00e1s malinterpretados y mal ense\u00f1ados desde los p\u00falpitos. Por no comprender qu\u00e9 es el perd\u00f3n muchas personas han sido lastimadas pensando que el perd\u00f3n es aceptaci\u00f3n. Sin embargo, el perd\u00f3n tiene unas directrices que encontramos en la Palabra. Nuestros Pastores Rafael y Adriana Lemes nos explican qu\u00e9 es realmente el perd\u00f3n, c\u00f3mo podemos caminar en perd\u00f3n y cu\u00e1l es la diferencia entre un ignorante y un enga\u00f1ador. Esta Serie contiene 6 partes.<\/span><\/p>\n<p>Ense\u00f1anza del a\u00f1o 2018<\/p>\n","protected":false},"featured_media":40523,"comment_status":"open","ping_status":"closed","template":"","meta":[],"product_cat":[52,841,840],"product_tag":[128,116,65,62,120],"class_list":{"0":"post-29138","1":"product","2":"type-product","3":"status-publish","4":"has-post-thumbnail","6":"product_cat-audioensenanza","7":"product_cat-adrianalemes","8":"product_cat-rafael-lemes","9":"product_tag-el-perdon-tiene-algun-limite","10":"product_tag-iglesia-palabra-pura","11":"product_tag-pastor-rafael-lemes","12":"product_tag-pastora-adriana-lemes","13":"product_tag-serie","15":"first","16":"instock","17":"downloadable","18":"virtual","19":"purchasable","20":"product-type-simple"},"_links":{"self":[{"href":"https:\/\/iglesiapalabrapura.com\/site\/wp-json\/wp\/v2\/product\/29138","targetHints":{"allow":["GET"]}}],"collection":[{"href":"https:\/\/iglesiapalabrapura.com\/site\/wp-json\/wp\/v2\/product"}],"about":[{"href":"https:\/\/iglesiapalabrapura.com\/site\/wp-json\/wp\/v2\/types\/product"}],"replies":[{"embeddable":true,"href":"https:\/\/iglesiapalabrapura.com\/site\/wp-json\/wp\/v2\/comments?post=29138"}],"wp:featuredmedia":[{"embeddable":true,"href":"https:\/\/iglesiapalabrapura.com\/site\/wp-json\/wp\/v2\/media\/40523"}],"wp:attachment":[{"href":"https:\/\/iglesiapalabrapura.com\/site\/wp-json\/wp\/v2\/media?parent=29138"}],"wp:term":[{"taxonomy":"product_cat","embeddable":true,"href":"https:\/\/iglesiapalabrapura.com\/site\/wp-json\/wp\/v2\/product_cat?post=29138"},{"taxonomy":"product_tag","embeddable":true,"href":"https:\/\/iglesiapalabrapura.com\/site\/wp-json\/wp\/v2\/product_tag?post=29138"}],"curies":[{"name":"wp","href":"https:\/\/api.w.org\/{rel}","templated":true}]}}