{"id":29146,"date":"2022-04-27T11:03:44","date_gmt":"2022-04-27T16:03:44","guid":{"rendered":"https:\/\/iglesiapalabrapura.com\/site\/?post_type=product&#038;p=29146"},"modified":"2024-05-17T11:36:26","modified_gmt":"2024-05-17T16:36:26","slug":"1ra-de-pedro-sufrimiento-bajo-persecucion-serie","status":"publish","type":"product","link":"https:\/\/iglesiapalabrapura.com\/site\/product\/1ra-de-pedro-sufrimiento-bajo-persecucion-serie\/","title":{"rendered":"1 Pedro &#8220;Sufrimiento Bajo Persecuci\u00f3n&#8221; (Serie)"},"content":{"rendered":"","protected":false},"excerpt":{"rendered":"<p class=\"p1\"><span class=\"s1\">Hay 2 tipos de sufrimiento: el merecido y el inmerecido. La primera carta de Pedro nos habla del sufrimiento inmerecido, que viene a causa de la persecuci\u00f3n. Nuestro Pastor Rafael Lemes nos da a trav\u00e9s de esta Serie de 19 Ense\u00f1anzas la explicaci\u00f3n verso a verso de esta carta.<\/span><\/p>\n<p>Ense\u00f1anza del a\u00f1o 2018<\/p>\n","protected":false},"featured_media":29147,"comment_status":"open","ping_status":"closed","template":"","meta":[],"product_cat":[52,840],"product_tag":[129,130,116,65,120],"class_list":{"0":"post-29146","1":"product","2":"type-product","3":"status-publish","4":"has-post-thumbnail","6":"product_cat-audioensenanza","7":"product_cat-rafael-lemes","8":"product_tag-1-pedro-sufrimiento-bajo-persecucion","9":"product_tag-1ra-de-pedro","10":"product_tag-iglesia-palabra-pura","11":"product_tag-pastor-rafael-lemes","12":"product_tag-serie","14":"first","15":"instock","16":"downloadable","17":"virtual","18":"purchasable","19":"product-type-simple"},"_links":{"self":[{"href":"https:\/\/iglesiapalabrapura.com\/site\/wp-json\/wp\/v2\/product\/29146","targetHints":{"allow":["GET"]}}],"collection":[{"href":"https:\/\/iglesiapalabrapura.com\/site\/wp-json\/wp\/v2\/product"}],"about":[{"href":"https:\/\/iglesiapalabrapura.com\/site\/wp-json\/wp\/v2\/types\/product"}],"replies":[{"embeddable":true,"href":"https:\/\/iglesiapalabrapura.com\/site\/wp-json\/wp\/v2\/comments?post=29146"}],"wp:featuredmedia":[{"embeddable":true,"href":"https:\/\/iglesiapalabrapura.com\/site\/wp-json\/wp\/v2\/media\/29147"}],"wp:attachment":[{"href":"https:\/\/iglesiapalabrapura.com\/site\/wp-json\/wp\/v2\/media?parent=29146"}],"wp:term":[{"taxonomy":"product_cat","embeddable":true,"href":"https:\/\/iglesiapalabrapura.com\/site\/wp-json\/wp\/v2\/product_cat?post=29146"},{"taxonomy":"product_tag","embeddable":true,"href":"https:\/\/iglesiapalabrapura.com\/site\/wp-json\/wp\/v2\/product_tag?post=29146"}],"curies":[{"name":"wp","href":"https:\/\/api.w.org\/{rel}","templated":true}]}}