{"id":29168,"date":"2022-04-27T17:49:09","date_gmt":"2022-04-27T22:49:09","guid":{"rendered":"https:\/\/iglesiapalabrapura.com\/site\/?post_type=product&#038;p=29168"},"modified":"2024-05-17T11:36:07","modified_gmt":"2024-05-17T16:36:07","slug":"2-pedro-el-conocimiento-de-la-palabra-serie","status":"publish","type":"product","link":"https:\/\/iglesiapalabrapura.com\/site\/product\/2-pedro-el-conocimiento-de-la-palabra-serie\/","title":{"rendered":"2 Pedro &#8220;El Conocimiento de la Palabra&#8221; (Serie)"},"content":{"rendered":"","protected":false},"excerpt":{"rendered":"<p>Despu\u00e9s de terminar 1.\u00aa de Pedro,\u00a0 hablar del sufrimiento. Ahora el Pastor Rafael Lemes nos acompa\u00f1a en una maravillosa ense\u00f1anza sobre la segunda carta del ap\u00f3stol Pedro en la que la infiltraci\u00f3n de la \u201creligiosidad\u201d es protagonista, en esta serie de 11 servicios vemos la clave para combatir este enemigo que vive dentro del cuerpo de Cristo.<\/p>\n<p>Ense\u00f1anza del a\u00f1o 2019<\/p>\n","protected":false},"featured_media":29169,"comment_status":"open","ping_status":"closed","template":"","meta":[],"product_cat":[52,840],"product_tag":[132,131,116,65,120],"class_list":{"0":"post-29168","1":"product","2":"type-product","3":"status-publish","4":"has-post-thumbnail","6":"product_cat-audioensenanza","7":"product_cat-rafael-lemes","8":"product_tag-2-pedro","9":"product_tag-2-pedro-el-conocimiento-de-la-palabra","10":"product_tag-iglesia-palabra-pura","11":"product_tag-pastor-rafael-lemes","12":"product_tag-serie","14":"first","15":"instock","16":"downloadable","17":"virtual","18":"purchasable","19":"product-type-simple"},"_links":{"self":[{"href":"https:\/\/iglesiapalabrapura.com\/site\/wp-json\/wp\/v2\/product\/29168","targetHints":{"allow":["GET"]}}],"collection":[{"href":"https:\/\/iglesiapalabrapura.com\/site\/wp-json\/wp\/v2\/product"}],"about":[{"href":"https:\/\/iglesiapalabrapura.com\/site\/wp-json\/wp\/v2\/types\/product"}],"replies":[{"embeddable":true,"href":"https:\/\/iglesiapalabrapura.com\/site\/wp-json\/wp\/v2\/comments?post=29168"}],"wp:featuredmedia":[{"embeddable":true,"href":"https:\/\/iglesiapalabrapura.com\/site\/wp-json\/wp\/v2\/media\/29169"}],"wp:attachment":[{"href":"https:\/\/iglesiapalabrapura.com\/site\/wp-json\/wp\/v2\/media?parent=29168"}],"wp:term":[{"taxonomy":"product_cat","embeddable":true,"href":"https:\/\/iglesiapalabrapura.com\/site\/wp-json\/wp\/v2\/product_cat?post=29168"},{"taxonomy":"product_tag","embeddable":true,"href":"https:\/\/iglesiapalabrapura.com\/site\/wp-json\/wp\/v2\/product_tag?post=29168"}],"curies":[{"name":"wp","href":"https:\/\/api.w.org\/{rel}","templated":true}]}}