{"id":29181,"date":"2022-04-29T11:26:56","date_gmt":"2022-04-29T16:26:56","guid":{"rendered":"https:\/\/iglesiapalabrapura.com\/site\/?post_type=product&#038;p=29181"},"modified":"2023-02-03T10:52:13","modified_gmt":"2023-02-03T15:52:13","slug":"navidad-2018-d-c","status":"publish","type":"product","link":"https:\/\/iglesiapalabrapura.com\/site\/product\/navidad-2018-d-c\/","title":{"rendered":"Navidad 2018 D.C."},"content":{"rendered":"","protected":false},"excerpt":{"rendered":"<p class=\"p1\">Cada a\u00f1o nuestra Pastora Adriana H. Lemes comparte una Ense\u00f1anza de Navidad en nuestra Iglesia. En el a\u00f1o 2018 nuestra Pastora nos explic\u00f3 por qu\u00e9 el tiempo es un testimonio del Nacimiento de nuestro Se\u00f1or Jesucristo para todo el planeta y la historia detr\u00e1s del edicto del Cesar que orden\u00f3 el censo que llev\u00f3 a Jos\u00e9 y a Mar\u00eda camino hacia Bel\u00e9n, donde nacer\u00eda el Salvador.<\/p>\n","protected":false},"featured_media":29182,"comment_status":"open","ping_status":"closed","template":"","meta":[],"product_cat":[52],"product_tag":[123,116,133,62],"class_list":{"0":"post-29181","1":"product","2":"type-product","3":"status-publish","4":"has-post-thumbnail","6":"product_cat-audioensenanza","7":"product_tag-ensenanza","8":"product_tag-iglesia-palabra-pura","9":"product_tag-navidad-2018-d-c","10":"product_tag-pastora-adriana-lemes","12":"first","13":"instock","14":"downloadable","15":"virtual","16":"purchasable","17":"product-type-simple"},"_links":{"self":[{"href":"https:\/\/iglesiapalabrapura.com\/site\/wp-json\/wp\/v2\/product\/29181","targetHints":{"allow":["GET"]}}],"collection":[{"href":"https:\/\/iglesiapalabrapura.com\/site\/wp-json\/wp\/v2\/product"}],"about":[{"href":"https:\/\/iglesiapalabrapura.com\/site\/wp-json\/wp\/v2\/types\/product"}],"replies":[{"embeddable":true,"href":"https:\/\/iglesiapalabrapura.com\/site\/wp-json\/wp\/v2\/comments?post=29181"}],"wp:featuredmedia":[{"embeddable":true,"href":"https:\/\/iglesiapalabrapura.com\/site\/wp-json\/wp\/v2\/media\/29182"}],"wp:attachment":[{"href":"https:\/\/iglesiapalabrapura.com\/site\/wp-json\/wp\/v2\/media?parent=29181"}],"wp:term":[{"taxonomy":"product_cat","embeddable":true,"href":"https:\/\/iglesiapalabrapura.com\/site\/wp-json\/wp\/v2\/product_cat?post=29181"},{"taxonomy":"product_tag","embeddable":true,"href":"https:\/\/iglesiapalabrapura.com\/site\/wp-json\/wp\/v2\/product_tag?post=29181"}],"curies":[{"name":"wp","href":"https:\/\/api.w.org\/{rel}","templated":true}]}}