{"id":29208,"date":"2022-04-29T12:09:04","date_gmt":"2022-04-29T17:09:04","guid":{"rendered":"https:\/\/iglesiapalabrapura.com\/site\/?post_type=product&#038;p=29208"},"modified":"2024-05-17T11:35:10","modified_gmt":"2024-05-17T16:35:10","slug":"santiago-el-libro-practico-del-nuevo-testamento-serie","status":"publish","type":"product","link":"https:\/\/iglesiapalabrapura.com\/site\/product\/santiago-el-libro-practico-del-nuevo-testamento-serie\/","title":{"rendered":"Santiago &#8221; El Libro Pr\u00e1ctico del Nuevo Testamento&#8221; (Serie)"},"content":{"rendered":"","protected":false},"excerpt":{"rendered":"<p class=\"p1\"><span class=\"s1\">Estudia verso a verso con nuestro Pastor Rafael Lemes el libro de Santiago. Son 19 Ense\u00f1anzas que te permitir\u00e1n comprobar por qu\u00e9 este libro es el libro pr\u00e1ctico del Nuevo Testamento que nos ayuda a entender f\u00e1cilmente c\u00f3mo aplicar la Palabra.<\/span><\/p>\n<p>Ense\u00f1anza del a\u00f1o 2018<\/p>\n","protected":false},"featured_media":29218,"comment_status":"open","ping_status":"closed","template":"","meta":[],"product_cat":[52,840],"product_tag":[116,65,141,140,120],"class_list":{"0":"post-29208","1":"product","2":"type-product","3":"status-publish","4":"has-post-thumbnail","6":"product_cat-audioensenanza","7":"product_cat-rafael-lemes","8":"product_tag-iglesia-palabra-pura","9":"product_tag-pastor-rafael-lemes","10":"product_tag-santiago","11":"product_tag-santiago-el-libro-practico-del-nuevo-testamento","12":"product_tag-serie","14":"first","15":"instock","16":"downloadable","17":"virtual","18":"purchasable","19":"product-type-simple"},"_links":{"self":[{"href":"https:\/\/iglesiapalabrapura.com\/site\/wp-json\/wp\/v2\/product\/29208","targetHints":{"allow":["GET"]}}],"collection":[{"href":"https:\/\/iglesiapalabrapura.com\/site\/wp-json\/wp\/v2\/product"}],"about":[{"href":"https:\/\/iglesiapalabrapura.com\/site\/wp-json\/wp\/v2\/types\/product"}],"replies":[{"embeddable":true,"href":"https:\/\/iglesiapalabrapura.com\/site\/wp-json\/wp\/v2\/comments?post=29208"}],"wp:featuredmedia":[{"embeddable":true,"href":"https:\/\/iglesiapalabrapura.com\/site\/wp-json\/wp\/v2\/media\/29218"}],"wp:attachment":[{"href":"https:\/\/iglesiapalabrapura.com\/site\/wp-json\/wp\/v2\/media?parent=29208"}],"wp:term":[{"taxonomy":"product_cat","embeddable":true,"href":"https:\/\/iglesiapalabrapura.com\/site\/wp-json\/wp\/v2\/product_cat?post=29208"},{"taxonomy":"product_tag","embeddable":true,"href":"https:\/\/iglesiapalabrapura.com\/site\/wp-json\/wp\/v2\/product_tag?post=29208"}],"curies":[{"name":"wp","href":"https:\/\/api.w.org\/{rel}","templated":true}]}}