{"id":29239,"date":"2022-04-29T14:04:35","date_gmt":"2022-04-29T19:04:35","guid":{"rendered":"https:\/\/iglesiapalabrapura.com\/site\/?post_type=product&#038;p=29239"},"modified":"2024-05-20T17:28:09","modified_gmt":"2024-05-20T22:28:09","slug":"la-imaginacion-manifiesta-lo-invisible-serie","status":"publish","type":"product","link":"https:\/\/iglesiapalabrapura.com\/site\/product\/la-imaginacion-manifiesta-lo-invisible-serie\/","title":{"rendered":"La Imaginaci\u00f3n Manifiesta Lo Invisible (Serie)"},"content":{"rendered":"","protected":false},"excerpt":{"rendered":"<p class=\"p1\"><span class=\"s1\">Muchas personas no saben que la imaginaci\u00f3n es un don dado por Dios. El enemigo se ha encargado de pervertir la imaginaci\u00f3n del ser humano. Pero a trav\u00e9s de esta Serie de 4 Ense\u00f1anzas, nuestros Pastores Rafael y Adriana Lemes nos ense\u00f1an c\u00f3mo uniendo nuestra\u00a0 imaginaci\u00f3n a la Palabra se manifiesta lo que Dios nos ha entregado.<\/span><\/p>\n","protected":false},"featured_media":35904,"comment_status":"open","ping_status":"closed","template":"","meta":[],"product_cat":[52,841,840],"product_tag":[116,575,65,62,120],"class_list":{"0":"post-29239","1":"product","2":"type-product","3":"status-publish","4":"has-post-thumbnail","6":"product_cat-audioensenanza","7":"product_cat-adrianalemes","8":"product_cat-rafael-lemes","9":"product_tag-iglesia-palabra-pura","10":"product_tag-la-imaginacion-manifiesta-lo-invisible","11":"product_tag-pastor-rafael-lemes","12":"product_tag-pastora-adriana-lemes","13":"product_tag-serie","15":"first","16":"instock","17":"downloadable","18":"virtual","19":"purchasable","20":"product-type-simple"},"_links":{"self":[{"href":"https:\/\/iglesiapalabrapura.com\/site\/wp-json\/wp\/v2\/product\/29239","targetHints":{"allow":["GET"]}}],"collection":[{"href":"https:\/\/iglesiapalabrapura.com\/site\/wp-json\/wp\/v2\/product"}],"about":[{"href":"https:\/\/iglesiapalabrapura.com\/site\/wp-json\/wp\/v2\/types\/product"}],"replies":[{"embeddable":true,"href":"https:\/\/iglesiapalabrapura.com\/site\/wp-json\/wp\/v2\/comments?post=29239"}],"wp:featuredmedia":[{"embeddable":true,"href":"https:\/\/iglesiapalabrapura.com\/site\/wp-json\/wp\/v2\/media\/35904"}],"wp:attachment":[{"href":"https:\/\/iglesiapalabrapura.com\/site\/wp-json\/wp\/v2\/media?parent=29239"}],"wp:term":[{"taxonomy":"product_cat","embeddable":true,"href":"https:\/\/iglesiapalabrapura.com\/site\/wp-json\/wp\/v2\/product_cat?post=29239"},{"taxonomy":"product_tag","embeddable":true,"href":"https:\/\/iglesiapalabrapura.com\/site\/wp-json\/wp\/v2\/product_tag?post=29239"}],"curies":[{"name":"wp","href":"https:\/\/api.w.org\/{rel}","templated":true}]}}