{"id":29261,"date":"2022-04-29T17:00:26","date_gmt":"2022-04-29T22:00:26","guid":{"rendered":"https:\/\/iglesiapalabrapura.com\/site\/?post_type=product&#038;p=29261"},"modified":"2024-05-17T11:34:28","modified_gmt":"2024-05-17T16:34:28","slug":"jose-nuestra-historia-serie","status":"publish","type":"product","link":"https:\/\/iglesiapalabrapura.com\/site\/product\/jose-nuestra-historia-serie\/","title":{"rendered":"Jos\u00e9 Nuestra Historia (Serie)"},"content":{"rendered":"","protected":false},"excerpt":{"rendered":"<p class=\"p1\"><span class=\"s1\">Desde la ca\u00edda de Ad\u00e1n y Eva, Dios le mostr\u00f3 a la humanidad a trav\u00e9s de tipolog\u00edas y sombras de qu\u00e9 forma Jesucristo llevar\u00eda a cabo el plan de Redenci\u00f3n. La historia de Jos\u00e9 es una de las historias que muestran la mejor tipolog\u00eda de Jesucristo en la Palabra. Nuestra Pastora Adriana H. Lemes nos explica qu\u00e9 paralelos encontramos en cada detalle de la vida de Jos\u00e9 con lo que Jesucristo vivir\u00eda en nuestro lugar.<\/span><\/p>\n<p>Ense\u00f1anza del a\u00f1o 2018<\/p>\n","protected":false},"featured_media":29264,"comment_status":"open","ping_status":"closed","template":"","meta":[],"product_cat":[52,840],"product_tag":[116,147,146,65,120],"class_list":{"0":"post-29261","1":"product","2":"type-product","3":"status-publish","4":"has-post-thumbnail","6":"product_cat-audioensenanza","7":"product_cat-rafael-lemes","8":"product_tag-iglesia-palabra-pura","9":"product_tag-jose","10":"product_tag-jose-nuestra-historia","11":"product_tag-pastor-rafael-lemes","12":"product_tag-serie","14":"first","15":"instock","16":"downloadable","17":"virtual","18":"purchasable","19":"product-type-simple"},"_links":{"self":[{"href":"https:\/\/iglesiapalabrapura.com\/site\/wp-json\/wp\/v2\/product\/29261","targetHints":{"allow":["GET"]}}],"collection":[{"href":"https:\/\/iglesiapalabrapura.com\/site\/wp-json\/wp\/v2\/product"}],"about":[{"href":"https:\/\/iglesiapalabrapura.com\/site\/wp-json\/wp\/v2\/types\/product"}],"replies":[{"embeddable":true,"href":"https:\/\/iglesiapalabrapura.com\/site\/wp-json\/wp\/v2\/comments?post=29261"}],"wp:featuredmedia":[{"embeddable":true,"href":"https:\/\/iglesiapalabrapura.com\/site\/wp-json\/wp\/v2\/media\/29264"}],"wp:attachment":[{"href":"https:\/\/iglesiapalabrapura.com\/site\/wp-json\/wp\/v2\/media?parent=29261"}],"wp:term":[{"taxonomy":"product_cat","embeddable":true,"href":"https:\/\/iglesiapalabrapura.com\/site\/wp-json\/wp\/v2\/product_cat?post=29261"},{"taxonomy":"product_tag","embeddable":true,"href":"https:\/\/iglesiapalabrapura.com\/site\/wp-json\/wp\/v2\/product_tag?post=29261"}],"curies":[{"name":"wp","href":"https:\/\/api.w.org\/{rel}","templated":true}]}}