{"id":29280,"date":"2022-04-29T18:42:43","date_gmt":"2022-04-29T23:42:43","guid":{"rendered":"https:\/\/iglesiapalabrapura.com\/site\/?post_type=product&#038;p=29280"},"modified":"2025-06-20T14:29:59","modified_gmt":"2025-06-20T19:29:59","slug":"mas-cortante-que-una-espada-de-dos-filos-2","status":"publish","type":"product","link":"https:\/\/iglesiapalabrapura.com\/site\/product\/mas-cortante-que-una-espada-de-dos-filos-2\/","title":{"rendered":"M\u00e1s Cortante que una Espada de Dos Filos E-book"},"content":{"rendered":"","protected":false},"excerpt":{"rendered":"<p>\u201cM\u00e1s Cortante que una Espada de Dos Filos\u201d es una compilaci\u00f3n y un resumen de las diecis\u00e9is revelaciones de mayor demanda e importancia que Dios me ha dado. Algunos inclusive han dicho que \u00e9stas son las versiones Cliff Notes (gu\u00edas de estudio para estudiantes) de mis mensajes. Cada cap\u00edtulo trata un tema espec\u00edfico de una manera abreviada, facilitando la comprensi\u00f3n de la manera en que estas verdades se relacionan y dependen unas de otras.<\/p>\n<p>Por ejemplo, si t\u00fa entiendes el mensaje de la gracia, pero no lo has equilibrado con la fe, ninguno de los dos funcionar\u00e1 efectivamente en tu vida. T\u00f3mate el tiempo suficiente para leer todo el libro para obtener un panorama general y despu\u00e9s regr\u00e9sate a estudiar los materiales recomendados al final de cada cap\u00edtulo.<\/p>\n","protected":false},"featured_media":29056,"comment_status":"open","ping_status":"closed","template":"","meta":[],"product_cat":[892,1203,63,1177,1202],"product_tag":[75,151,69,81],"class_list":{"0":"post-29280","1":"product","2":"type-product","3":"status-publish","4":"has-post-thumbnail","6":"product_cat-andrewwommack-e-book","7":"product_cat-doctrina","8":"product_cat-e-book","9":"product_cat-por-autor-e-book","10":"product_cat-por-tema-e-book","11":"product_tag-andrew-wommack","12":"product_tag-ebook","13":"product_tag-libro","14":"product_tag-mas-cortante-que-una-espada-de-dos-filos","16":"first","17":"instock","18":"downloadable","19":"virtual","20":"purchasable","21":"product-type-simple"},"_links":{"self":[{"href":"https:\/\/iglesiapalabrapura.com\/site\/wp-json\/wp\/v2\/product\/29280","targetHints":{"allow":["GET"]}}],"collection":[{"href":"https:\/\/iglesiapalabrapura.com\/site\/wp-json\/wp\/v2\/product"}],"about":[{"href":"https:\/\/iglesiapalabrapura.com\/site\/wp-json\/wp\/v2\/types\/product"}],"replies":[{"embeddable":true,"href":"https:\/\/iglesiapalabrapura.com\/site\/wp-json\/wp\/v2\/comments?post=29280"}],"wp:featuredmedia":[{"embeddable":true,"href":"https:\/\/iglesiapalabrapura.com\/site\/wp-json\/wp\/v2\/media\/29056"}],"wp:attachment":[{"href":"https:\/\/iglesiapalabrapura.com\/site\/wp-json\/wp\/v2\/media?parent=29280"}],"wp:term":[{"taxonomy":"product_cat","embeddable":true,"href":"https:\/\/iglesiapalabrapura.com\/site\/wp-json\/wp\/v2\/product_cat?post=29280"},{"taxonomy":"product_tag","embeddable":true,"href":"https:\/\/iglesiapalabrapura.com\/site\/wp-json\/wp\/v2\/product_tag?post=29280"}],"curies":[{"name":"wp","href":"https:\/\/api.w.org\/{rel}","templated":true}]}}