{"id":29281,"date":"2022-04-29T18:46:37","date_gmt":"2022-04-29T23:46:37","guid":{"rendered":"https:\/\/iglesiapalabrapura.com\/site\/?post_type=product&#038;p=29281"},"modified":"2024-05-17T11:33:58","modified_gmt":"2024-05-17T16:33:58","slug":"sanidad-la-voluntad-de-dios-serie","status":"publish","type":"product","link":"https:\/\/iglesiapalabrapura.com\/site\/product\/sanidad-la-voluntad-de-dios-serie\/","title":{"rendered":"Sanidad la Voluntad de Dios (Serie)"},"content":{"rendered":"","protected":false},"excerpt":{"rendered":"<p class=\"p1\"><span class=\"s1\">Muchos cristianos hoy en d\u00eda no tienen problema con aceptar que Jesucristo tiene el poder para sanarlos, sino que tienen problema con aceptar que \u00c9l siempre quiera sanarlos. Esto sencillamente ha llevado a que estos mismos cristianos carguen con enfermedades pensando que est\u00e1n aceptando la voluntad de Dios. Nuestro Pastor Rafael nos explica a trav\u00e9s de esta Serie de 6 Ense\u00f1anzas qu\u00e9 dice la Palabra de Dios al respecto y c\u00f3mo podemos recibir la sanidad que Jesucristo conquist\u00f3 por nosotros en la cruz.<\/span><\/p>\n<p>Ense\u00f1anza del a\u00f1o 2017<\/p>\n","protected":false},"featured_media":29282,"comment_status":"open","ping_status":"closed","template":"","meta":[],"product_cat":[52,840],"product_tag":[116,65,152,120],"class_list":{"0":"post-29281","1":"product","2":"type-product","3":"status-publish","4":"has-post-thumbnail","6":"product_cat-audioensenanza","7":"product_cat-rafael-lemes","8":"product_tag-iglesia-palabra-pura","9":"product_tag-pastor-rafael-lemes","10":"product_tag-sanidad-la-voluntad-de-dios","11":"product_tag-serie","13":"first","14":"instock","15":"downloadable","16":"virtual","17":"purchasable","18":"product-type-simple"},"_links":{"self":[{"href":"https:\/\/iglesiapalabrapura.com\/site\/wp-json\/wp\/v2\/product\/29281","targetHints":{"allow":["GET"]}}],"collection":[{"href":"https:\/\/iglesiapalabrapura.com\/site\/wp-json\/wp\/v2\/product"}],"about":[{"href":"https:\/\/iglesiapalabrapura.com\/site\/wp-json\/wp\/v2\/types\/product"}],"replies":[{"embeddable":true,"href":"https:\/\/iglesiapalabrapura.com\/site\/wp-json\/wp\/v2\/comments?post=29281"}],"wp:featuredmedia":[{"embeddable":true,"href":"https:\/\/iglesiapalabrapura.com\/site\/wp-json\/wp\/v2\/media\/29282"}],"wp:attachment":[{"href":"https:\/\/iglesiapalabrapura.com\/site\/wp-json\/wp\/v2\/media?parent=29281"}],"wp:term":[{"taxonomy":"product_cat","embeddable":true,"href":"https:\/\/iglesiapalabrapura.com\/site\/wp-json\/wp\/v2\/product_cat?post=29281"},{"taxonomy":"product_tag","embeddable":true,"href":"https:\/\/iglesiapalabrapura.com\/site\/wp-json\/wp\/v2\/product_tag?post=29281"}],"curies":[{"name":"wp","href":"https:\/\/api.w.org\/{rel}","templated":true}]}}