{"id":29283,"date":"2022-04-29T18:47:53","date_gmt":"2022-04-29T23:47:53","guid":{"rendered":"https:\/\/iglesiapalabrapura.com\/site\/?post_type=product&#038;p=29283"},"modified":"2025-06-20T14:29:11","modified_gmt":"2025-06-20T19:29:11","slug":"filosofia-cristiana-2","status":"publish","type":"product","link":"https:\/\/iglesiapalabrapura.com\/site\/product\/filosofia-cristiana-2\/","title":{"rendered":"Filosof\u00eda Cristiana E-book"},"content":{"rendered":"","protected":false},"excerpt":{"rendered":"<p>T\u00fa tienes una filosof\u00eda. Es el cristal a trav\u00e9s del cual ves el mundo y tomas decisiones. Todo el mundo ve la vida a trav\u00e9s de un filtro. La Biblia lo llama tu filosof\u00eda. Es tu manera de pensar y controla el resultado de tu vida.<\/p>\n<p>Hazte esta pregunta: \u00bfCrees que la biblia es la infalible e inspirada Palabra de Dios? \u00bfCrees que solamente hay un camino a Dios? \u00bfDios es bueno o hipercr\u00edtico? \u00bf\u00c9l controla tu destino o depende de ti?<\/p>\n<p>Las respuestas a estas preguntas y a muchas m\u00e1s determinar\u00e1n tu filosof\u00eda. Esa filosof\u00eda, por lo tanto, influenciar\u00e1 la manera como ves las cuestiones sociales, como la creaci\u00f3n y la evoluci\u00f3n, el aborto y la homosexualidad.<\/p>\n<p>Filosof\u00eda Cristiana trata de nuestra manera de pensar, o la manera como deber\u00edamos pensar de acuerdo a la Palabra de Dios, y aplica eso de una manera pr\u00e1ctica a las cuestiones que estamos enfrentando en nuestra cultura. Cambiar\u00e1 para siempre la manera como ves el mundo.<\/p>\n","protected":false},"featured_media":29059,"comment_status":"open","ping_status":"closed","template":"","meta":[],"product_cat":[892,1203,63,1177,1202],"product_tag":[75,151,82,69],"class_list":{"0":"post-29283","1":"product","2":"type-product","3":"status-publish","4":"has-post-thumbnail","6":"product_cat-andrewwommack-e-book","7":"product_cat-doctrina","8":"product_cat-e-book","9":"product_cat-por-autor-e-book","10":"product_cat-por-tema-e-book","11":"product_tag-andrew-wommack","12":"product_tag-ebook","13":"product_tag-filosofia-cristiana","14":"product_tag-libro","16":"first","17":"instock","18":"downloadable","19":"virtual","20":"purchasable","21":"product-type-simple"},"_links":{"self":[{"href":"https:\/\/iglesiapalabrapura.com\/site\/wp-json\/wp\/v2\/product\/29283","targetHints":{"allow":["GET"]}}],"collection":[{"href":"https:\/\/iglesiapalabrapura.com\/site\/wp-json\/wp\/v2\/product"}],"about":[{"href":"https:\/\/iglesiapalabrapura.com\/site\/wp-json\/wp\/v2\/types\/product"}],"replies":[{"embeddable":true,"href":"https:\/\/iglesiapalabrapura.com\/site\/wp-json\/wp\/v2\/comments?post=29283"}],"wp:featuredmedia":[{"embeddable":true,"href":"https:\/\/iglesiapalabrapura.com\/site\/wp-json\/wp\/v2\/media\/29059"}],"wp:attachment":[{"href":"https:\/\/iglesiapalabrapura.com\/site\/wp-json\/wp\/v2\/media?parent=29283"}],"wp:term":[{"taxonomy":"product_cat","embeddable":true,"href":"https:\/\/iglesiapalabrapura.com\/site\/wp-json\/wp\/v2\/product_cat?post=29283"},{"taxonomy":"product_tag","embeddable":true,"href":"https:\/\/iglesiapalabrapura.com\/site\/wp-json\/wp\/v2\/product_tag?post=29283"}],"curies":[{"name":"wp","href":"https:\/\/api.w.org\/{rel}","templated":true}]}}