{"id":29296,"date":"2022-04-29T19:17:41","date_gmt":"2022-04-30T00:17:41","guid":{"rendered":"https:\/\/iglesiapalabrapura.com\/site\/?post_type=product&#038;p=29296"},"modified":"2024-05-17T11:32:38","modified_gmt":"2024-05-17T16:32:38","slug":"servicio-en-el-reino-serie","status":"publish","type":"product","link":"https:\/\/iglesiapalabrapura.com\/site\/product\/servicio-en-el-reino-serie\/","title":{"rendered":"Servicio en el Reino (Serie)"},"content":{"rendered":"","protected":false},"excerpt":{"rendered":"<p class=\"p1\"><span class=\"s1\">Nuestro Pastor Rafael Lemes nos explica a trav\u00e9s de esta Serie de 2 Ense\u00f1anzas cu\u00e1les son las caracter\u00edsticas del servicio en el Reino de Dios, ya que como embajadores de Dios en la tierra debemos adoptar Su cultura y con ella influenciar la tierra.<\/span><\/p>\n<p>Ense\u00f1anza del a\u00f1o 2015<\/p>\n","protected":false},"featured_media":29299,"comment_status":"open","ping_status":"closed","template":"","meta":[],"product_cat":[52,840],"product_tag":[116,65,120,154],"class_list":{"0":"post-29296","1":"product","2":"type-product","3":"status-publish","4":"has-post-thumbnail","6":"product_cat-audioensenanza","7":"product_cat-rafael-lemes","8":"product_tag-iglesia-palabra-pura","9":"product_tag-pastor-rafael-lemes","10":"product_tag-serie","11":"product_tag-servicio-en-el-reino","13":"first","14":"instock","15":"downloadable","16":"virtual","17":"purchasable","18":"product-type-simple"},"_links":{"self":[{"href":"https:\/\/iglesiapalabrapura.com\/site\/wp-json\/wp\/v2\/product\/29296","targetHints":{"allow":["GET"]}}],"collection":[{"href":"https:\/\/iglesiapalabrapura.com\/site\/wp-json\/wp\/v2\/product"}],"about":[{"href":"https:\/\/iglesiapalabrapura.com\/site\/wp-json\/wp\/v2\/types\/product"}],"replies":[{"embeddable":true,"href":"https:\/\/iglesiapalabrapura.com\/site\/wp-json\/wp\/v2\/comments?post=29296"}],"wp:featuredmedia":[{"embeddable":true,"href":"https:\/\/iglesiapalabrapura.com\/site\/wp-json\/wp\/v2\/media\/29299"}],"wp:attachment":[{"href":"https:\/\/iglesiapalabrapura.com\/site\/wp-json\/wp\/v2\/media?parent=29296"}],"wp:term":[{"taxonomy":"product_cat","embeddable":true,"href":"https:\/\/iglesiapalabrapura.com\/site\/wp-json\/wp\/v2\/product_cat?post=29296"},{"taxonomy":"product_tag","embeddable":true,"href":"https:\/\/iglesiapalabrapura.com\/site\/wp-json\/wp\/v2\/product_tag?post=29296"}],"curies":[{"name":"wp","href":"https:\/\/api.w.org\/{rel}","templated":true}]}}