{"id":29302,"date":"2022-04-29T19:24:23","date_gmt":"2022-04-30T00:24:23","guid":{"rendered":"https:\/\/iglesiapalabrapura.com\/site\/?post_type=product&#038;p=29302"},"modified":"2024-05-20T17:20:32","modified_gmt":"2024-05-20T22:20:32","slug":"genesis-11","status":"publish","type":"product","link":"https:\/\/iglesiapalabrapura.com\/site\/product\/genesis-11\/","title":{"rendered":"G\u00e9nesis 1:1"},"content":{"rendered":"","protected":false},"excerpt":{"rendered":"<p class=\"p1\"><span class=\"s1\">\u00bfTe has preguntado por qu\u00e9 G\u00e9nesis 1:1 nos dice que la tierra estaba desordenada y vac\u00eda si la Palabra tambi\u00e9n nos dice que Dios no es Dios de confusi\u00f3n, sino de paz? En realidad Dios no creo la tierra desordenada y vac\u00eda, as\u00ed que nuestra Pastora Adriana H. Lemes nos explica a partir de este vers\u00edculo grandes Principios B\u00edblicos que podemos aplicar en nuestra vida.<\/span><\/p>\n<p>Ense\u00f1anza del a\u00f1o 2015<\/p>\n","protected":false},"featured_media":29300,"comment_status":"open","ping_status":"closed","template":"","meta":[],"product_cat":[52,841],"product_tag":[123,155,116,62],"class_list":{"0":"post-29302","1":"product","2":"type-product","3":"status-publish","4":"has-post-thumbnail","6":"product_cat-audioensenanza","7":"product_cat-adrianalemes","8":"product_tag-ensenanza","9":"product_tag-genesis-11","10":"product_tag-iglesia-palabra-pura","11":"product_tag-pastora-adriana-lemes","13":"first","14":"instock","15":"downloadable","16":"virtual","17":"purchasable","18":"product-type-simple"},"_links":{"self":[{"href":"https:\/\/iglesiapalabrapura.com\/site\/wp-json\/wp\/v2\/product\/29302","targetHints":{"allow":["GET"]}}],"collection":[{"href":"https:\/\/iglesiapalabrapura.com\/site\/wp-json\/wp\/v2\/product"}],"about":[{"href":"https:\/\/iglesiapalabrapura.com\/site\/wp-json\/wp\/v2\/types\/product"}],"replies":[{"embeddable":true,"href":"https:\/\/iglesiapalabrapura.com\/site\/wp-json\/wp\/v2\/comments?post=29302"}],"wp:featuredmedia":[{"embeddable":true,"href":"https:\/\/iglesiapalabrapura.com\/site\/wp-json\/wp\/v2\/media\/29300"}],"wp:attachment":[{"href":"https:\/\/iglesiapalabrapura.com\/site\/wp-json\/wp\/v2\/media?parent=29302"}],"wp:term":[{"taxonomy":"product_cat","embeddable":true,"href":"https:\/\/iglesiapalabrapura.com\/site\/wp-json\/wp\/v2\/product_cat?post=29302"},{"taxonomy":"product_tag","embeddable":true,"href":"https:\/\/iglesiapalabrapura.com\/site\/wp-json\/wp\/v2\/product_tag?post=29302"}],"curies":[{"name":"wp","href":"https:\/\/api.w.org\/{rel}","templated":true}]}}