{"id":29306,"date":"2022-04-29T19:37:08","date_gmt":"2022-04-30T00:37:08","guid":{"rendered":"https:\/\/iglesiapalabrapura.com\/site\/?post_type=product&#038;p=29306"},"modified":"2025-06-20T14:28:26","modified_gmt":"2025-06-20T19:28:26","slug":"el-cambio-sin-esfuerzo-2","status":"publish","type":"product","link":"https:\/\/iglesiapalabrapura.com\/site\/product\/el-cambio-sin-esfuerzo-2\/","title":{"rendered":"El Cambio Sin Esfuerzo E-book"},"content":{"rendered":"","protected":false},"excerpt":{"rendered":"<p>La mayor\u00eda de los Cristianos quieren un cambio en alg\u00fan \u00e1rea de sus vidas. Tratan y tratan de hacer esos cambios pero pronto vuelven a reincidir en los mismos h\u00e1bitos y conductas. El autodominio y el autocontrol les han fallado una vez m\u00e1s.<\/p>\n<p>\u00bfEntonces, c\u00f3mo ocurre el cambio de resultados permanentes? Una oruga cuando est\u00e1 dentro del capullo no batalla para convertirse en una mariposa. Una semilla no se esfuerza para convertirse en un \u00e1rbol y para dar fruto. Ambas simplemente hacen aquello para lo que Dios las cre\u00f3 y el cambio se da, c\u00f3modamente.<\/p>\n<p>La Palabra de Dios es como una semilla y nuestro coraz\u00f3n es como la tierra. Cuando a aqu\u00e9lla se le planta y se le nutre en el suelo de nuestro coraz\u00f3n, empieza a crecer. El resultado es la transformaci\u00f3n, y el fruto ser\u00e1 evidente para todos. Si t\u00fa quieres un cambio verdadero en tu vida, este libro es para ti.<\/p>\n","protected":false},"featured_media":29046,"comment_status":"open","ping_status":"closed","template":"","meta":[],"product_cat":[892,1203,63,1177,1202],"product_tag":[75,151,76,69],"class_list":{"0":"post-29306","1":"product","2":"type-product","3":"status-publish","4":"has-post-thumbnail","6":"product_cat-andrewwommack-e-book","7":"product_cat-doctrina","8":"product_cat-e-book","9":"product_cat-por-autor-e-book","10":"product_cat-por-tema-e-book","11":"product_tag-andrew-wommack","12":"product_tag-ebook","13":"product_tag-el-cambio-sin-esfuerzo","14":"product_tag-libro","16":"first","17":"instock","18":"downloadable","19":"virtual","20":"purchasable","21":"product-type-simple"},"_links":{"self":[{"href":"https:\/\/iglesiapalabrapura.com\/site\/wp-json\/wp\/v2\/product\/29306","targetHints":{"allow":["GET"]}}],"collection":[{"href":"https:\/\/iglesiapalabrapura.com\/site\/wp-json\/wp\/v2\/product"}],"about":[{"href":"https:\/\/iglesiapalabrapura.com\/site\/wp-json\/wp\/v2\/types\/product"}],"replies":[{"embeddable":true,"href":"https:\/\/iglesiapalabrapura.com\/site\/wp-json\/wp\/v2\/comments?post=29306"}],"wp:featuredmedia":[{"embeddable":true,"href":"https:\/\/iglesiapalabrapura.com\/site\/wp-json\/wp\/v2\/media\/29046"}],"wp:attachment":[{"href":"https:\/\/iglesiapalabrapura.com\/site\/wp-json\/wp\/v2\/media?parent=29306"}],"wp:term":[{"taxonomy":"product_cat","embeddable":true,"href":"https:\/\/iglesiapalabrapura.com\/site\/wp-json\/wp\/v2\/product_cat?post=29306"},{"taxonomy":"product_tag","embeddable":true,"href":"https:\/\/iglesiapalabrapura.com\/site\/wp-json\/wp\/v2\/product_tag?post=29306"}],"curies":[{"name":"wp","href":"https:\/\/api.w.org\/{rel}","templated":true}]}}