{"id":29307,"date":"2022-04-29T19:39:36","date_gmt":"2022-04-30T00:39:36","guid":{"rendered":"https:\/\/iglesiapalabrapura.com\/site\/?post_type=product&#038;p=29307"},"modified":"2025-06-20T14:36:58","modified_gmt":"2025-06-20T19:36:58","slug":"descubre-las-claves-para-permanecer-lleno-de-dios-2","status":"publish","type":"product","link":"https:\/\/iglesiapalabrapura.com\/site\/product\/descubre-las-claves-para-permanecer-lleno-de-dios-2\/","title":{"rendered":"Descubre las Claves para Permanecer Lleno de Dios E-book"},"content":{"rendered":"","protected":false},"excerpt":{"rendered":"<p>\u00a1Permanece Lleno de Su Presencia Todo el Tiempo!<\/p>\n<p>\u00bfSIENTES que tu vida Cristiana est\u00e1 llena de altas y bajas? A lo mejor has asistido a un servicio religioso que te acerc\u00f3 a Dios o hasta has experimentado un milagro de sanidad. En esos momentos tu coraz\u00f3n estaba lleno de la presencia de Dios, pero despu\u00e9s de algunos d\u00edas o semanas, vuelves a sentirte vac\u00edo o enfermo. T\u00fa no eres el \u00fanico que vive esta experiencia; pero aunque muchos creyentes experimentan esto, no es lo que el Se\u00f1or se propuso.<\/p>\n<p>Las claves para permanecer lleno de Dios no son un secreto ni son un misterio, son algo simple. \u00a1\u00c9sa es precisamente la raz\u00f3n por la que son pocas las personas que reconocen su valor y mucho menos las que las practican! En este mensaje asombrosamente pr\u00e1ctico, Andrew Wommack revela los pasos esenciales para tener una relaci\u00f3n s\u00f3lida e \u00edntima con Dios. Aprende cu\u00e1les son estas claves y c\u00f3mo ponerlas en pr\u00e1ctica. Esto mantendr\u00e1 tu coraz\u00f3n sensible a Dios y tu relaci\u00f3n con \u00c9l mejorar\u00e1 como nunca antes.<\/p>\n","protected":false},"featured_media":29044,"comment_status":"open","ping_status":"closed","template":"","meta":[],"product_cat":[892,1203,63,1177,1202,1204],"product_tag":[75,74,151,69],"class_list":{"0":"post-29307","1":"product","2":"type-product","3":"status-publish","4":"has-post-thumbnail","6":"product_cat-andrewwommack-e-book","7":"product_cat-doctrina","8":"product_cat-e-book","9":"product_cat-por-autor-e-book","10":"product_cat-por-tema-e-book","11":"product_cat-sanidad-por-tema-e-book","12":"product_tag-andrew-wommack","13":"product_tag-descubre-las-claves-para-permanecer-lleno-de-dios","14":"product_tag-ebook","15":"product_tag-libro","17":"first","18":"instock","19":"downloadable","20":"virtual","21":"purchasable","22":"product-type-simple"},"_links":{"self":[{"href":"https:\/\/iglesiapalabrapura.com\/site\/wp-json\/wp\/v2\/product\/29307","targetHints":{"allow":["GET"]}}],"collection":[{"href":"https:\/\/iglesiapalabrapura.com\/site\/wp-json\/wp\/v2\/product"}],"about":[{"href":"https:\/\/iglesiapalabrapura.com\/site\/wp-json\/wp\/v2\/types\/product"}],"replies":[{"embeddable":true,"href":"https:\/\/iglesiapalabrapura.com\/site\/wp-json\/wp\/v2\/comments?post=29307"}],"wp:featuredmedia":[{"embeddable":true,"href":"https:\/\/iglesiapalabrapura.com\/site\/wp-json\/wp\/v2\/media\/29044"}],"wp:attachment":[{"href":"https:\/\/iglesiapalabrapura.com\/site\/wp-json\/wp\/v2\/media?parent=29307"}],"wp:term":[{"taxonomy":"product_cat","embeddable":true,"href":"https:\/\/iglesiapalabrapura.com\/site\/wp-json\/wp\/v2\/product_cat?post=29307"},{"taxonomy":"product_tag","embeddable":true,"href":"https:\/\/iglesiapalabrapura.com\/site\/wp-json\/wp\/v2\/product_tag?post=29307"}],"curies":[{"name":"wp","href":"https:\/\/api.w.org\/{rel}","templated":true}]}}