{"id":29312,"date":"2022-04-29T19:43:06","date_gmt":"2022-04-30T00:43:06","guid":{"rendered":"https:\/\/iglesiapalabrapura.com\/site\/?post_type=product&#038;p=29312"},"modified":"2025-06-20T14:27:35","modified_gmt":"2025-06-20T19:27:35","slug":"no-limites-a-dios-2","status":"publish","type":"product","link":"https:\/\/iglesiapalabrapura.com\/site\/product\/no-limites-a-dios-2\/","title":{"rendered":"No Limites a Dios E-book"},"content":{"rendered":"","protected":false},"excerpt":{"rendered":"<p>\u00bfC\u00f3mo te ves a ti mismo? Muchos Israelitas no pudieron entrar a la Tierra Prometida, porque se ve\u00edan a s\u00ed mismos como langostas (N\u00fameros 13:33). La Biblia dice que ellos \u00abpon\u00edan l\u00edmite al Santo de Israel (Salmo 78:41, RVA)\u00bb.<\/p>\n<p>Si verdaderamente vas a experimentar el designio que Dios tiene para tu vida, debes verte a ti mismo como Dios te ve. Entonces, como piensas en tu coraz\u00f3n, as\u00ed ser\u00e1s (Proverbios 23:7). En este libro, descubrir\u00e1s c\u00f3mo Andrew hizo precisamente eso. Su historia te motivar\u00e1 y te estimular\u00e1 a que enfrentes las dificultades conforme \u00e9l te revele c\u00f3mo fue que \u00e9l limit\u00f3 a Dios por la manera como se ve\u00eda a s\u00ed mismo. T\u00fa, tambi\u00e9n, \u00a1pasar\u00e1s de tener una manera de pensar estrecha a imaginarte a ti mismo siendo exitoso!<\/p>\n","protected":false},"featured_media":29061,"comment_status":"open","ping_status":"closed","template":"","meta":[],"product_cat":[892,1203,63,1177,1202],"product_tag":[75,151,69,83],"class_list":{"0":"post-29312","1":"product","2":"type-product","3":"status-publish","4":"has-post-thumbnail","6":"product_cat-andrewwommack-e-book","7":"product_cat-doctrina","8":"product_cat-e-book","9":"product_cat-por-autor-e-book","10":"product_cat-por-tema-e-book","11":"product_tag-andrew-wommack","12":"product_tag-ebook","13":"product_tag-libro","14":"product_tag-no-limites-a-dios","16":"first","17":"instock","18":"downloadable","19":"virtual","20":"purchasable","21":"product-type-simple"},"_links":{"self":[{"href":"https:\/\/iglesiapalabrapura.com\/site\/wp-json\/wp\/v2\/product\/29312","targetHints":{"allow":["GET"]}}],"collection":[{"href":"https:\/\/iglesiapalabrapura.com\/site\/wp-json\/wp\/v2\/product"}],"about":[{"href":"https:\/\/iglesiapalabrapura.com\/site\/wp-json\/wp\/v2\/types\/product"}],"replies":[{"embeddable":true,"href":"https:\/\/iglesiapalabrapura.com\/site\/wp-json\/wp\/v2\/comments?post=29312"}],"wp:featuredmedia":[{"embeddable":true,"href":"https:\/\/iglesiapalabrapura.com\/site\/wp-json\/wp\/v2\/media\/29061"}],"wp:attachment":[{"href":"https:\/\/iglesiapalabrapura.com\/site\/wp-json\/wp\/v2\/media?parent=29312"}],"wp:term":[{"taxonomy":"product_cat","embeddable":true,"href":"https:\/\/iglesiapalabrapura.com\/site\/wp-json\/wp\/v2\/product_cat?post=29312"},{"taxonomy":"product_tag","embeddable":true,"href":"https:\/\/iglesiapalabrapura.com\/site\/wp-json\/wp\/v2\/product_tag?post=29312"}],"curies":[{"name":"wp","href":"https:\/\/api.w.org\/{rel}","templated":true}]}}