{"id":29315,"date":"2022-04-29T19:46:22","date_gmt":"2022-04-30T00:46:22","guid":{"rendered":"https:\/\/iglesiapalabrapura.com\/site\/?post_type=product&#038;p=29315"},"modified":"2024-05-17T11:32:10","modified_gmt":"2024-05-17T16:32:10","slug":"no-abortes-tu-oracion-serie","status":"publish","type":"product","link":"https:\/\/iglesiapalabrapura.com\/site\/product\/no-abortes-tu-oracion-serie\/","title":{"rendered":"No Abortes Tu Oraci\u00f3n (Serie)"},"content":{"rendered":"","protected":false},"excerpt":{"rendered":"<p class=\"p1\"><span class=\"s1\">Uno de los problemas m\u00e1s comunes en los cristianos, es que abortan su oraci\u00f3n s\u00f3lo porque al pasar un tiempo no ven la manifestaci\u00f3n de lo que han orado. En esta Serie de 2 Ense\u00f1anzas nuestro Pastor Rafael Lemes nos ense\u00f1a c\u00f3mo no abortar nuestras oraciones.<\/span><\/p>\n<p>Ense\u00f1anza del a\u00f1o 2016<\/p>\n","protected":false},"featured_media":29313,"comment_status":"open","ping_status":"closed","template":"","meta":[],"product_cat":[52,840],"product_tag":[116,158,65,120],"class_list":{"0":"post-29315","1":"product","2":"type-product","3":"status-publish","4":"has-post-thumbnail","6":"product_cat-audioensenanza","7":"product_cat-rafael-lemes","8":"product_tag-iglesia-palabra-pura","9":"product_tag-no-abortes-tu-oracion","10":"product_tag-pastor-rafael-lemes","11":"product_tag-serie","13":"first","14":"instock","15":"downloadable","16":"virtual","17":"purchasable","18":"product-type-simple"},"_links":{"self":[{"href":"https:\/\/iglesiapalabrapura.com\/site\/wp-json\/wp\/v2\/product\/29315","targetHints":{"allow":["GET"]}}],"collection":[{"href":"https:\/\/iglesiapalabrapura.com\/site\/wp-json\/wp\/v2\/product"}],"about":[{"href":"https:\/\/iglesiapalabrapura.com\/site\/wp-json\/wp\/v2\/types\/product"}],"replies":[{"embeddable":true,"href":"https:\/\/iglesiapalabrapura.com\/site\/wp-json\/wp\/v2\/comments?post=29315"}],"wp:featuredmedia":[{"embeddable":true,"href":"https:\/\/iglesiapalabrapura.com\/site\/wp-json\/wp\/v2\/media\/29313"}],"wp:attachment":[{"href":"https:\/\/iglesiapalabrapura.com\/site\/wp-json\/wp\/v2\/media?parent=29315"}],"wp:term":[{"taxonomy":"product_cat","embeddable":true,"href":"https:\/\/iglesiapalabrapura.com\/site\/wp-json\/wp\/v2\/product_cat?post=29315"},{"taxonomy":"product_tag","embeddable":true,"href":"https:\/\/iglesiapalabrapura.com\/site\/wp-json\/wp\/v2\/product_tag?post=29315"}],"curies":[{"name":"wp","href":"https:\/\/api.w.org\/{rel}","templated":true}]}}