{"id":29318,"date":"2022-04-30T11:31:48","date_gmt":"2022-04-30T16:31:48","guid":{"rendered":"https:\/\/iglesiapalabrapura.com\/site\/?post_type=product&#038;p=29318"},"modified":"2025-06-20T14:36:16","modified_gmt":"2025-06-20T19:36:16","slug":"la-gracia-el-poder-del-evangelio","status":"publish","type":"product","link":"https:\/\/iglesiapalabrapura.com\/site\/product\/la-gracia-el-poder-del-evangelio\/","title":{"rendered":"La Gracia El Poder del Evangelio E-book"},"content":{"rendered":"","protected":false},"excerpt":{"rendered":"<p>ENCUESTAS RECIENTES INDICAN que la mayor\u00eda de los Cristianos, aqu\u00e9llos que aseguran ser renacidos, creen que su salvaci\u00f3n depende por lo menos en parte de su comportamiento y de sus acciones. S\u00ed, creen que Jes\u00fas muri\u00f3 por su pecado, pero ya que lo han aceptado como su Salvador creen que a\u00fan deben cubrir ciertos est\u00e1ndares para ser lo suficientemente \u201cbuenos\u201d.<\/p>\n<p>Si eso es verdad, entonces \u00bfcu\u00e1l es el est\u00e1ndar y c\u00f3mo sabes que ya lo cumpliste? La Iglesia ha tratado de contestar estas preguntas por siglos y el resultado siempre ha sido una esclavitud religiosa y legalista.<\/p>\n<p>Entonces, \u00bfcu\u00e1l es la respuesta? Se debe empezar por hacer la pregunta correcta. No es: \u201c\u00bfQu\u00e9 debemos hacer?\u201d m\u00e1s bien: \u201c\u00bfQu\u00e9 hizo Jes\u00fas?\u201d Al entender, por medio del libro de Romanos, la revelaci\u00f3n del Ap\u00f3stol Pablo de lo que Jes\u00fas hizo, nunca m\u00e1s preguntar\u00e1s si est\u00e1s cumpliendo con el est\u00e1ndar.<\/p>\n","protected":false},"featured_media":29319,"comment_status":"open","ping_status":"closed","template":"","meta":[],"product_cat":[892,1203,63,1177,1202,1204],"product_tag":[75,151,159,69],"class_list":{"0":"post-29318","1":"product","2":"type-product","3":"status-publish","4":"has-post-thumbnail","6":"product_cat-andrewwommack-e-book","7":"product_cat-doctrina","8":"product_cat-e-book","9":"product_cat-por-autor-e-book","10":"product_cat-por-tema-e-book","11":"product_cat-sanidad-por-tema-e-book","12":"product_tag-andrew-wommack","13":"product_tag-ebook","14":"product_tag-la-gracia-el-poder-del-evangelio","15":"product_tag-libro","17":"first","18":"instock","19":"downloadable","20":"virtual","21":"purchasable","22":"product-type-simple"},"_links":{"self":[{"href":"https:\/\/iglesiapalabrapura.com\/site\/wp-json\/wp\/v2\/product\/29318","targetHints":{"allow":["GET"]}}],"collection":[{"href":"https:\/\/iglesiapalabrapura.com\/site\/wp-json\/wp\/v2\/product"}],"about":[{"href":"https:\/\/iglesiapalabrapura.com\/site\/wp-json\/wp\/v2\/types\/product"}],"replies":[{"embeddable":true,"href":"https:\/\/iglesiapalabrapura.com\/site\/wp-json\/wp\/v2\/comments?post=29318"}],"wp:featuredmedia":[{"embeddable":true,"href":"https:\/\/iglesiapalabrapura.com\/site\/wp-json\/wp\/v2\/media\/29319"}],"wp:attachment":[{"href":"https:\/\/iglesiapalabrapura.com\/site\/wp-json\/wp\/v2\/media?parent=29318"}],"wp:term":[{"taxonomy":"product_cat","embeddable":true,"href":"https:\/\/iglesiapalabrapura.com\/site\/wp-json\/wp\/v2\/product_cat?post=29318"},{"taxonomy":"product_tag","embeddable":true,"href":"https:\/\/iglesiapalabrapura.com\/site\/wp-json\/wp\/v2\/product_tag?post=29318"}],"curies":[{"name":"wp","href":"https:\/\/api.w.org\/{rel}","templated":true}]}}