{"id":29323,"date":"2022-04-30T12:08:33","date_gmt":"2022-04-30T17:08:33","guid":{"rendered":"https:\/\/iglesiapalabrapura.com\/site\/?post_type=product&#038;p=29323"},"modified":"2025-06-20T14:24:33","modified_gmt":"2025-06-20T19:24:33","slug":"el-nuevo-tu-y-el-espiritu-santo-e-book","status":"publish","type":"product","link":"https:\/\/iglesiapalabrapura.com\/site\/product\/el-nuevo-tu-y-el-espiritu-santo-e-book\/","title":{"rendered":"El Nuevo T\u00fa y el Esp\u00edritu Santo E-book"},"content":{"rendered":"","protected":false},"excerpt":{"rendered":"<p>El Nuevo T\u00fa<\/p>\n<p>Es muy importante entender lo que sucedi\u00f3 cuando recibiste a Jesucristo como tu Salvador; es la clave para evitar que la Palabra que fue sembrada en tu coraz\u00f3n sea robada por Satan\u00e1s. La salvaci\u00f3n incluye m\u00e1s de lo que alguna vez te has imaginado.<\/p>\n<p>El perd\u00f3n de los pecados no era lo \u00fanico que se incluy\u00f3 en tu salvaci\u00f3n. Desde el punto de vista de Dios, esto simplemente es el comienzo, el medio para llegar a un fin. La amistad es la verdadera meta. Ahora, convi\u00e9rtete en un disc\u00edpulo (estudiante y seguidor) de Jesucristo. Aprende qu\u00e9 diferencia al Cristianismo de cualquier otra religi\u00f3n; c\u00f3mo ve Dios los pecados pasados, presentes y futuros; y mucho m\u00e1s.<\/p>\n<p>El Esp\u00edritu Santo<\/p>\n<p>Vivir la vida abundante que Jesucristo provey\u00f3 es imposible sin el Esp\u00edritu Santo. Antes de que los disc\u00edpulos de Jesucristo lo recibieran, eran d\u00e9biles y temerosos. Despu\u00e9s de que lo recibieron cada uno de ellos se convirti\u00f3 en una fuente del milagroso poder de Dios; y lo mismo est\u00e1 disponible para ti.<\/p>\n<p>Si t\u00fa crees que la Biblia es la verdad, entonces tambi\u00e9n debes creer que el bautismo en el Esp\u00edritu Santo es la voluntad de Dios para todos. En este libro, Andrew establece la validez de hablar en lenguas, habla sobre los muchos dones que acompa\u00f1an al bautismo en el Esp\u00edritu Santo, comparte otros beneficios poco conocidos, y explica c\u00f3mo empezar a hablar en lenguas.<\/p>\n","protected":false},"featured_media":29071,"comment_status":"open","ping_status":"closed","template":"","meta":[],"product_cat":[892,1203,63,1177,1202],"product_tag":[75,151,89,69],"class_list":{"0":"post-29323","1":"product","2":"type-product","3":"status-publish","4":"has-post-thumbnail","6":"product_cat-andrewwommack-e-book","7":"product_cat-doctrina","8":"product_cat-e-book","9":"product_cat-por-autor-e-book","10":"product_cat-por-tema-e-book","11":"product_tag-andrew-wommack","12":"product_tag-ebook","13":"product_tag-el-nuevo-tu-y-el-espiritu-santo","14":"product_tag-libro","16":"first","17":"instock","18":"downloadable","19":"virtual","20":"purchasable","21":"product-type-simple"},"_links":{"self":[{"href":"https:\/\/iglesiapalabrapura.com\/site\/wp-json\/wp\/v2\/product\/29323","targetHints":{"allow":["GET"]}}],"collection":[{"href":"https:\/\/iglesiapalabrapura.com\/site\/wp-json\/wp\/v2\/product"}],"about":[{"href":"https:\/\/iglesiapalabrapura.com\/site\/wp-json\/wp\/v2\/types\/product"}],"replies":[{"embeddable":true,"href":"https:\/\/iglesiapalabrapura.com\/site\/wp-json\/wp\/v2\/comments?post=29323"}],"wp:featuredmedia":[{"embeddable":true,"href":"https:\/\/iglesiapalabrapura.com\/site\/wp-json\/wp\/v2\/media\/29071"}],"wp:attachment":[{"href":"https:\/\/iglesiapalabrapura.com\/site\/wp-json\/wp\/v2\/media?parent=29323"}],"wp:term":[{"taxonomy":"product_cat","embeddable":true,"href":"https:\/\/iglesiapalabrapura.com\/site\/wp-json\/wp\/v2\/product_cat?post=29323"},{"taxonomy":"product_tag","embeddable":true,"href":"https:\/\/iglesiapalabrapura.com\/site\/wp-json\/wp\/v2\/product_tag?post=29323"}],"curies":[{"name":"wp","href":"https:\/\/api.w.org\/{rel}","templated":true}]}}