{"id":29327,"date":"2022-04-30T12:18:33","date_gmt":"2022-04-30T17:18:33","guid":{"rendered":"https:\/\/iglesiapalabrapura.com\/site\/?post_type=product&#038;p=29327"},"modified":"2025-06-20T14:34:45","modified_gmt":"2025-06-20T19:34:45","slug":"ya-lo-tienes-e-book","status":"publish","type":"product","link":"https:\/\/iglesiapalabrapura.com\/site\/product\/ya-lo-tienes-e-book\/","title":{"rendered":"\u00a1Ya lo Tienes! E-book"},"content":{"rendered":"","protected":false},"excerpt":{"rendered":"<p>\u00a1Experimenta la Victoria que Ya es Tuya!<\/p>\n<p>Alguna vez has pensado: \u201cHe estado haciendo todo lo que s\u00e9 que debo hacer. \u00bfQu\u00e9 es lo que est\u00e1 mal conmigo? \u00bfQu\u00e9 es necesario que yo haga para que Dios act\u00fae a mi favor?\u201d Si te lo has preguntado, no est\u00e1s solo. \u00c9sta es una pregunta que la mayor\u00eda de los cristianos se han hecho y contin\u00faan sinti\u00e9ndose frustrados por las respuestas que reciben.<\/p>\n<p>Las respuestas normalmente van m\u00e1s o menos as\u00ed: \u201cSi t\u00fa oras un poquito m\u00e1s y con m\u00e1s sinceridad, si ayunas por m\u00e1s tiempo, si lees m\u00e1s cap\u00edtulos de la Biblia a diario y dejas de perder tu tiempo enfrente de la televisi\u00f3n, entonces Dios responder\u00e1 a tus oraciones. \u00c9l s\u00f3lo est\u00e1 esperando que te portes bien\u201d.<\/p>\n<p>En otras palabras, tu comportamiento es el problema. El caso es que esto no podr\u00eda estar m\u00e1s alejado de la realidad. \u00a1Ya Lo Tienes! Es un libro lleno de las buenas nuevas de que la respuesta de Dios no est\u00e1 basada en las cosas que t\u00fa debes hacer; est\u00e1 basada en lo que Jes\u00fas hizo. Conforme lees, vas a obtener conocimiento que va a fortalecer tu confianza en Dios. \u00a1S\u00f3lo la verdad que t\u00fa sabes es la que te har\u00e1 libre!<\/p>\n","protected":false},"featured_media":29075,"comment_status":"open","ping_status":"closed","template":"","meta":[],"product_cat":[892,1203,63,1177,1202,1204],"product_tag":[91,75,151,69],"class_list":{"0":"post-29327","1":"product","2":"type-product","3":"status-publish","4":"has-post-thumbnail","6":"product_cat-andrewwommack-e-book","7":"product_cat-doctrina","8":"product_cat-e-book","9":"product_cat-por-autor-e-book","10":"product_cat-por-tema-e-book","11":"product_cat-sanidad-por-tema-e-book","12":"product_tag-ya-lo-tienes","13":"product_tag-andrew-wommack","14":"product_tag-ebook","15":"product_tag-libro","17":"first","18":"instock","19":"downloadable","20":"virtual","21":"purchasable","22":"product-type-simple"},"_links":{"self":[{"href":"https:\/\/iglesiapalabrapura.com\/site\/wp-json\/wp\/v2\/product\/29327","targetHints":{"allow":["GET"]}}],"collection":[{"href":"https:\/\/iglesiapalabrapura.com\/site\/wp-json\/wp\/v2\/product"}],"about":[{"href":"https:\/\/iglesiapalabrapura.com\/site\/wp-json\/wp\/v2\/types\/product"}],"replies":[{"embeddable":true,"href":"https:\/\/iglesiapalabrapura.com\/site\/wp-json\/wp\/v2\/comments?post=29327"}],"wp:featuredmedia":[{"embeddable":true,"href":"https:\/\/iglesiapalabrapura.com\/site\/wp-json\/wp\/v2\/media\/29075"}],"wp:attachment":[{"href":"https:\/\/iglesiapalabrapura.com\/site\/wp-json\/wp\/v2\/media?parent=29327"}],"wp:term":[{"taxonomy":"product_cat","embeddable":true,"href":"https:\/\/iglesiapalabrapura.com\/site\/wp-json\/wp\/v2\/product_cat?post=29327"},{"taxonomy":"product_tag","embeddable":true,"href":"https:\/\/iglesiapalabrapura.com\/site\/wp-json\/wp\/v2\/product_tag?post=29327"}],"curies":[{"name":"wp","href":"https:\/\/api.w.org\/{rel}","templated":true}]}}