{"id":29328,"date":"2022-04-30T12:25:56","date_gmt":"2022-04-30T17:25:56","guid":{"rendered":"https:\/\/iglesiapalabrapura.com\/site\/?post_type=product&#038;p=29328"},"modified":"2025-06-20T14:34:17","modified_gmt":"2025-06-20T19:34:17","slug":"la-guerra-ya-termino-e-book","status":"publish","type":"product","link":"https:\/\/iglesiapalabrapura.com\/site\/product\/la-guerra-ya-termino-e-book\/","title":{"rendered":"La Guerra Ya Termin\u00f3 E-book"},"content":{"rendered":"","protected":false},"excerpt":{"rendered":"<p>EL CONFLICTO DE MAYOR DURACI\u00d3N en la historia de la humanidad dur\u00f3 4000 a\u00f1os y culmin\u00f3 con una victoria absoluta hace casi 2000 a\u00f1os. Aun as\u00ed, muchos todav\u00eda no han escuchado estas noticias y contin\u00faan peleando la batalla\u2014la batalla en contra del pecado y del juicio.<\/p>\n<p>En la cruz Jesucristo dijo: \u201cconsumado es\u201d, se proclam\u00f3 la victoria, y la reconciliaci\u00f3n comenz\u00f3. \u00c9sta era la victoria que se prometi\u00f3 cuando Jesucristo naci\u00f3 y los \u00e1ngeles declararon: \u201c\u00a1Gloria a Dios en las alturas, y en la tierra paz, buena voluntad para con los hombres!\u201d (Lucas 2:14). \u00bfEst\u00e1 diciendo esto que Jesucristo vino a establecer paz entre los hombres? Si as\u00ed fuera entonces \u00c9l habr\u00eda fallado sin lugar a dudas.<\/p>\n<p>La paz de la que \u00c9l habl\u00f3 no era la paz entre los hombres, sino la paz entre Dios y la humanidad. El pecado ya no es el problema; el precio ha sido pagado de una vez por todas. Dios envi\u00f3 a Su Hijo unig\u00e9nito para que llevara nuestro pecado, y para que se convirtiera en pecado; y despu\u00e9s lo juzg\u00f3 sin misericordia por ese pecado. \u00bfFue Su sacrificio suficiente para ti? \u00bfCrees que Dios est\u00e1 restringiendo Su bendici\u00f3n y que la raz\u00f3n es tu pecado? Si murieras con un pecado sin confesar, \u00bfte perder\u00edas de la salvaci\u00f3n? Las respuestas que encontrar\u00e1s en este libro te liberar\u00e1n de la condenaci\u00f3n y el temor. \u00a1Te liberar\u00e1n para que recibas las promesas anunciadas por Dios!<\/p>\n","protected":false},"featured_media":29077,"comment_status":"open","ping_status":"closed","template":"","meta":[],"product_cat":[892,1203,63,1177,1202,1204],"product_tag":[75,151,92,69],"class_list":{"0":"post-29328","1":"product","2":"type-product","3":"status-publish","4":"has-post-thumbnail","6":"product_cat-andrewwommack-e-book","7":"product_cat-doctrina","8":"product_cat-e-book","9":"product_cat-por-autor-e-book","10":"product_cat-por-tema-e-book","11":"product_cat-sanidad-por-tema-e-book","12":"product_tag-andrew-wommack","13":"product_tag-ebook","14":"product_tag-la-guerra-ya-termino","15":"product_tag-libro","17":"first","18":"instock","19":"downloadable","20":"virtual","21":"purchasable","22":"product-type-simple"},"_links":{"self":[{"href":"https:\/\/iglesiapalabrapura.com\/site\/wp-json\/wp\/v2\/product\/29328","targetHints":{"allow":["GET"]}}],"collection":[{"href":"https:\/\/iglesiapalabrapura.com\/site\/wp-json\/wp\/v2\/product"}],"about":[{"href":"https:\/\/iglesiapalabrapura.com\/site\/wp-json\/wp\/v2\/types\/product"}],"replies":[{"embeddable":true,"href":"https:\/\/iglesiapalabrapura.com\/site\/wp-json\/wp\/v2\/comments?post=29328"}],"wp:featuredmedia":[{"embeddable":true,"href":"https:\/\/iglesiapalabrapura.com\/site\/wp-json\/wp\/v2\/media\/29077"}],"wp:attachment":[{"href":"https:\/\/iglesiapalabrapura.com\/site\/wp-json\/wp\/v2\/media?parent=29328"}],"wp:term":[{"taxonomy":"product_cat","embeddable":true,"href":"https:\/\/iglesiapalabrapura.com\/site\/wp-json\/wp\/v2\/product_cat?post=29328"},{"taxonomy":"product_tag","embeddable":true,"href":"https:\/\/iglesiapalabrapura.com\/site\/wp-json\/wp\/v2\/product_tag?post=29328"}],"curies":[{"name":"wp","href":"https:\/\/api.w.org\/{rel}","templated":true}]}}