{"id":29329,"date":"2022-04-30T12:30:30","date_gmt":"2022-04-30T17:30:30","guid":{"rendered":"https:\/\/iglesiapalabrapura.com\/site\/?post_type=product&#038;p=29329"},"modified":"2025-06-20T14:43:59","modified_gmt":"2025-06-20T19:43:59","slug":"lecciones-de-la-vida-de-david-e-book","status":"publish","type":"product","link":"https:\/\/iglesiapalabrapura.com\/site\/product\/lecciones-de-la-vida-de-david-e-book\/","title":{"rendered":"Lecciones de la Vida de David E-book"},"content":{"rendered":"","protected":false},"excerpt":{"rendered":"<p>Es probable que uno de los personajes m\u00e1s y mejor conocidos de la Biblia sea David. \u00c9l creci\u00f3 siendo un pastor, derrot\u00f3 al gigante Goliat, y lleg\u00f3 a ser el rey de Israel. Cuando fue rey, David cometi\u00f3 unos errores graves. Sin embargo, \u00e9l no trat\u00f3 de echarles la culpa a los dem\u00e1s. Asumi\u00f3 la responsabilidad y \u00e9l mismo carg\u00f3 con la culpa. Debido a eso, Dios lo describi\u00f3 como \u201cun hombre de acuerdo a Su coraz\u00f3n.\u201d En este libro, aprender\u00e1s que Dios tiene un buen plan para cada individuo. Pero t\u00fa puedes frustrar ese plan por tus propios deseos y sue\u00f1os ego\u00edstas. Sin embargo, donde abunda el pecado, sobreabunda la gracia (Romanos 5:20).<\/p>\n<p>Aunque David cometi\u00f3 unos errores terribles que a algunas personas les costaron la vida, \u00e9l se arrepinti\u00f3 y fue capaz de cumplir con el prop\u00f3sito que Dios ten\u00eda para su vida. La gracia de Dios es evidente a trav\u00e9s de toda la vida de David. En vez de que tengas que sufrir por tus propios golpes duros, el autor invita al lector a que aprenda por medio de estas lecciones de la vida de David. Hay una mejor manera que la de descubrir estas verdades a trav\u00e9s de tus propios errores.<\/p>\n","protected":false},"featured_media":29048,"comment_status":"open","ping_status":"closed","template":"","meta":[],"product_cat":[892,1205,63,1177,1202],"product_tag":[75,151,77,69],"class_list":{"0":"post-29329","1":"product","2":"type-product","3":"status-publish","4":"has-post-thumbnail","6":"product_cat-andrewwommack-e-book","7":"product_cat-biografia","8":"product_cat-e-book","9":"product_cat-por-autor-e-book","10":"product_cat-por-tema-e-book","11":"product_tag-andrew-wommack","12":"product_tag-ebook","13":"product_tag-lecciones-de-la-vida-de-david","14":"product_tag-libro","16":"first","17":"instock","18":"downloadable","19":"virtual","20":"purchasable","21":"product-type-simple"},"_links":{"self":[{"href":"https:\/\/iglesiapalabrapura.com\/site\/wp-json\/wp\/v2\/product\/29329","targetHints":{"allow":["GET"]}}],"collection":[{"href":"https:\/\/iglesiapalabrapura.com\/site\/wp-json\/wp\/v2\/product"}],"about":[{"href":"https:\/\/iglesiapalabrapura.com\/site\/wp-json\/wp\/v2\/types\/product"}],"replies":[{"embeddable":true,"href":"https:\/\/iglesiapalabrapura.com\/site\/wp-json\/wp\/v2\/comments?post=29329"}],"wp:featuredmedia":[{"embeddable":true,"href":"https:\/\/iglesiapalabrapura.com\/site\/wp-json\/wp\/v2\/media\/29048"}],"wp:attachment":[{"href":"https:\/\/iglesiapalabrapura.com\/site\/wp-json\/wp\/v2\/media?parent=29329"}],"wp:term":[{"taxonomy":"product_cat","embeddable":true,"href":"https:\/\/iglesiapalabrapura.com\/site\/wp-json\/wp\/v2\/product_cat?post=29329"},{"taxonomy":"product_tag","embeddable":true,"href":"https:\/\/iglesiapalabrapura.com\/site\/wp-json\/wp\/v2\/product_tag?post=29329"}],"curies":[{"name":"wp","href":"https:\/\/api.w.org\/{rel}","templated":true}]}}