{"id":29331,"date":"2022-04-30T12:41:31","date_gmt":"2022-04-30T17:41:31","guid":{"rendered":"https:\/\/iglesiapalabrapura.com\/site\/?post_type=product&#038;p=29331"},"modified":"2025-06-20T14:31:33","modified_gmt":"2025-06-20T19:31:33","slug":"la-verdadera-naturaleza-de-dios-e-book","status":"publish","type":"product","link":"https:\/\/iglesiapalabrapura.com\/site\/product\/la-verdadera-naturaleza-de-dios-e-book\/","title":{"rendered":"La Verdadera Naturaleza de Dios E-book"},"content":{"rendered":"","protected":false},"excerpt":{"rendered":"<div class=\"question active\">\n<div class=\"answer\">\n<p>\u201cSi Dios tiene tanto amor, \u00bfpor qu\u00e9 no se preocupa por m\u00ed?\u201d \u201c\u00bfPor qu\u00e9 bendice unas veces y otras no?\u201d \u201c\u00bfEs \u00c9l el Dios de juicio que vemos en el Antiguo Testamento, o el Dios de misericordia y gracia que vemos en el Nuevo?\u201d Estas son dudas comunes para la gente que en realidad no conoce a Dios, mismas que obstaculizan una relaci\u00f3n con \u00c9l. Este estudio le pone fin a estas dudas de una vez por todas para que t\u00fa puedas acercarte a Dios como nunca antes. Si te est\u00e1s preguntando c\u00f3mo es Dios en realidad, permite que Andrew te muestre Su verdadera naturaleza.<\/p>\n<\/div>\n<\/div>\n<div class=\"question\">\n<div class=\"title\"><\/div>\n<\/div>\n","protected":false},"featured_media":29050,"comment_status":"open","ping_status":"closed","template":"","meta":[],"product_cat":[892,1203,63,1177,1202],"product_tag":[75,151,78,69],"class_list":{"0":"post-29331","1":"product","2":"type-product","3":"status-publish","4":"has-post-thumbnail","6":"product_cat-andrewwommack-e-book","7":"product_cat-doctrina","8":"product_cat-e-book","9":"product_cat-por-autor-e-book","10":"product_cat-por-tema-e-book","11":"product_tag-andrew-wommack","12":"product_tag-ebook","13":"product_tag-la-verdadera-naturaleza-de-dios","14":"product_tag-libro","16":"first","17":"instock","18":"downloadable","19":"virtual","20":"purchasable","21":"product-type-simple"},"_links":{"self":[{"href":"https:\/\/iglesiapalabrapura.com\/site\/wp-json\/wp\/v2\/product\/29331","targetHints":{"allow":["GET"]}}],"collection":[{"href":"https:\/\/iglesiapalabrapura.com\/site\/wp-json\/wp\/v2\/product"}],"about":[{"href":"https:\/\/iglesiapalabrapura.com\/site\/wp-json\/wp\/v2\/types\/product"}],"replies":[{"embeddable":true,"href":"https:\/\/iglesiapalabrapura.com\/site\/wp-json\/wp\/v2\/comments?post=29331"}],"wp:featuredmedia":[{"embeddable":true,"href":"https:\/\/iglesiapalabrapura.com\/site\/wp-json\/wp\/v2\/media\/29050"}],"wp:attachment":[{"href":"https:\/\/iglesiapalabrapura.com\/site\/wp-json\/wp\/v2\/media?parent=29331"}],"wp:term":[{"taxonomy":"product_cat","embeddable":true,"href":"https:\/\/iglesiapalabrapura.com\/site\/wp-json\/wp\/v2\/product_cat?post=29331"},{"taxonomy":"product_tag","embeddable":true,"href":"https:\/\/iglesiapalabrapura.com\/site\/wp-json\/wp\/v2\/product_tag?post=29331"}],"curies":[{"name":"wp","href":"https:\/\/api.w.org\/{rel}","templated":true}]}}