{"id":29332,"date":"2022-04-30T12:54:49","date_gmt":"2022-04-30T17:54:49","guid":{"rendered":"https:\/\/iglesiapalabrapura.com\/site\/?post_type=product&#038;p=29332"},"modified":"2025-06-20T14:32:10","modified_gmt":"2025-06-20T19:32:10","slug":"el-egocentrismo-el-origen-de-toda-tristeza-e-book","status":"publish","type":"product","link":"https:\/\/iglesiapalabrapura.com\/site\/product\/el-egocentrismo-el-origen-de-toda-tristeza-e-book\/","title":{"rendered":"El Egocentrismo: el Origen de Toda Tristeza E-book"},"content":{"rendered":"","protected":false},"excerpt":{"rendered":"<div class=\"question active\">\n<div class=\"answer\">\n<p class=\"p1\">Las situaciones dif\u00edciles tienen una manera peculiar para revelar el coraz\u00f3n.<span class=\"Apple-converted-space\">\u00a0\u00a0<\/span>Los problemas econ\u00f3micos fuertes, una relaci\u00f3n familiar da\u00f1ada, o la muerte de un ser querido pueden ser una crisis para una persona, mientras que para otra, una oportunidad para demostrar el poder de la Palabra de Dios.<span class=\"Apple-converted-space\">\u00a0\u00a0<\/span>\u00bfCu\u00e1l es la diferencia?<span class=\"Apple-converted-space\">\u00a0\u00a0<\/span>\u00c9sta es la pregunta que Andrew responder\u00e1 en este libro.<\/p>\n<p class=\"p1\">\u00c9l va al quid del asunto y con claridad ense\u00f1a c\u00f3mo puede ser que dos personas que enfrentan circunstancias estresantes id\u00e9nticas puedan tener reacciones muy diferentes. Aprender\u00e1s cu\u00e1l es el significado de la Biblia cuando dice: \u201cCon Cristo he sido crucificado, y ya no soy yo el que vive, sino que Cristo vive en m\u00ed\u201d (G\u00e1latas 2:20 LBLA), y c\u00f3mo es que este conocimiento puede cambiar la manera como reaccionas en una crisis. El amor, el gozo, y la paz pueden ser tuyos, a\u00fan en las peores circunstancias.<\/p>\n<\/div>\n<\/div>\n<div class=\"question\">\n<div class=\"title\"><\/div>\n<\/div>\n","protected":false},"featured_media":29052,"comment_status":"open","ping_status":"closed","template":"","meta":[],"product_cat":[892,1203,63,1177,1202],"product_tag":[75,151,160,69],"class_list":{"0":"post-29332","1":"product","2":"type-product","3":"status-publish","4":"has-post-thumbnail","6":"product_cat-andrewwommack-e-book","7":"product_cat-doctrina","8":"product_cat-e-book","9":"product_cat-por-autor-e-book","10":"product_cat-por-tema-e-book","11":"product_tag-andrew-wommack","12":"product_tag-ebook","13":"product_tag-el-egocentrismo-el-origen-de-toda-tristeza","14":"product_tag-libro","16":"first","17":"instock","18":"downloadable","19":"virtual","20":"purchasable","21":"product-type-simple"},"_links":{"self":[{"href":"https:\/\/iglesiapalabrapura.com\/site\/wp-json\/wp\/v2\/product\/29332","targetHints":{"allow":["GET"]}}],"collection":[{"href":"https:\/\/iglesiapalabrapura.com\/site\/wp-json\/wp\/v2\/product"}],"about":[{"href":"https:\/\/iglesiapalabrapura.com\/site\/wp-json\/wp\/v2\/types\/product"}],"replies":[{"embeddable":true,"href":"https:\/\/iglesiapalabrapura.com\/site\/wp-json\/wp\/v2\/comments?post=29332"}],"wp:featuredmedia":[{"embeddable":true,"href":"https:\/\/iglesiapalabrapura.com\/site\/wp-json\/wp\/v2\/media\/29052"}],"wp:attachment":[{"href":"https:\/\/iglesiapalabrapura.com\/site\/wp-json\/wp\/v2\/media?parent=29332"}],"wp:term":[{"taxonomy":"product_cat","embeddable":true,"href":"https:\/\/iglesiapalabrapura.com\/site\/wp-json\/wp\/v2\/product_cat?post=29332"},{"taxonomy":"product_tag","embeddable":true,"href":"https:\/\/iglesiapalabrapura.com\/site\/wp-json\/wp\/v2\/product_tag?post=29332"}],"curies":[{"name":"wp","href":"https:\/\/api.w.org\/{rel}","templated":true}]}}