{"id":29334,"date":"2022-04-30T13:07:47","date_gmt":"2022-04-30T18:07:47","guid":{"rendered":"https:\/\/iglesiapalabrapura.com\/site\/?post_type=product&#038;p=29334"},"modified":"2025-06-20T14:39:17","modified_gmt":"2025-06-20T19:39:17","slug":"discipulado-nivel-3-e-book","status":"publish","type":"product","link":"https:\/\/iglesiapalabrapura.com\/site\/product\/discipulado-nivel-3-e-book\/","title":{"rendered":"Discipulado Nivel 3 \u2013 E-book"},"content":{"rendered":"","protected":false},"excerpt":{"rendered":"<p>Nuestra percepci\u00f3n de la justicia ha estado basada en la cultura en que vivimos, pero en este estudio b\u00edblico esa percepci\u00f3n cambiara cuando comprobemos en las Escrituras como act\u00faa Dios en relaci\u00f3n a las decisiones del hombre. El entender la voluntad de Dios nos permite conducirnos en la vida, no con nuestro propio criterio, sino de acuerdo a la autoridad de Dios y el obedecer dicha autoridad nos capacitara para caminar con integridad. El divorcio, el segundo matrimonio y nuestra libertad en Cristo son algunos de los temas a tratar.<\/p>\n","protected":false},"featured_media":29109,"comment_status":"open","ping_status":"closed","template":"","meta":[],"product_cat":[63,1177,1178],"product_tag":[66,118,65],"class_list":{"0":"post-29334","1":"product","2":"type-product","3":"status-publish","4":"has-post-thumbnail","6":"product_cat-e-book","7":"product_cat-por-autor-e-book","8":"product_cat-rafael-lemes-por-autor-e-book","9":"product_tag-blaze-college","10":"product_tag-discipulado-nivel-3","11":"product_tag-pastor-rafael-lemes","13":"first","14":"instock","15":"downloadable","16":"virtual","17":"purchasable","18":"product-type-simple"},"_links":{"self":[{"href":"https:\/\/iglesiapalabrapura.com\/site\/wp-json\/wp\/v2\/product\/29334","targetHints":{"allow":["GET"]}}],"collection":[{"href":"https:\/\/iglesiapalabrapura.com\/site\/wp-json\/wp\/v2\/product"}],"about":[{"href":"https:\/\/iglesiapalabrapura.com\/site\/wp-json\/wp\/v2\/types\/product"}],"replies":[{"embeddable":true,"href":"https:\/\/iglesiapalabrapura.com\/site\/wp-json\/wp\/v2\/comments?post=29334"}],"wp:featuredmedia":[{"embeddable":true,"href":"https:\/\/iglesiapalabrapura.com\/site\/wp-json\/wp\/v2\/media\/29109"}],"wp:attachment":[{"href":"https:\/\/iglesiapalabrapura.com\/site\/wp-json\/wp\/v2\/media?parent=29334"}],"wp:term":[{"taxonomy":"product_cat","embeddable":true,"href":"https:\/\/iglesiapalabrapura.com\/site\/wp-json\/wp\/v2\/product_cat?post=29334"},{"taxonomy":"product_tag","embeddable":true,"href":"https:\/\/iglesiapalabrapura.com\/site\/wp-json\/wp\/v2\/product_tag?post=29334"}],"curies":[{"name":"wp","href":"https:\/\/api.w.org\/{rel}","templated":true}]}}