{"id":29336,"date":"2022-04-30T13:59:01","date_gmt":"2022-04-30T18:59:01","guid":{"rendered":"https:\/\/iglesiapalabrapura.com\/site\/?post_type=product&#038;p=29336"},"modified":"2025-06-20T14:39:06","modified_gmt":"2025-06-20T19:39:06","slug":"discipulado-nivel-2-e-book","status":"publish","type":"product","link":"https:\/\/iglesiapalabrapura.com\/site\/product\/discipulado-nivel-2-e-book\/","title":{"rendered":"Discipulado Nivel 2 \u2013 E-book"},"content":{"rendered":"","protected":false},"excerpt":{"rendered":"<p>Dios a establecido un orden en todas las cosas el cual s\u00f3lo podemos conocer por medio de la Palabra, as\u00ed que, en este estudio, aprender\u00e1s los rudimentos y doctrinas b\u00e1sicos y de esta manera tener claridad de como funciona el Esp\u00edritu Santo en cada uno de nosotros dependiendo del llamado y dones que dios ha puesto en cada uno.<\/p>\n","protected":false},"featured_media":29107,"comment_status":"open","ping_status":"closed","template":"","meta":[],"product_cat":[63,1177,1178],"product_tag":[66,117,65],"class_list":{"0":"post-29336","1":"product","2":"type-product","3":"status-publish","4":"has-post-thumbnail","6":"product_cat-e-book","7":"product_cat-por-autor-e-book","8":"product_cat-rafael-lemes-por-autor-e-book","9":"product_tag-blaze-college","10":"product_tag-discipulado-nivel-2","11":"product_tag-pastor-rafael-lemes","13":"first","14":"instock","15":"downloadable","16":"virtual","17":"purchasable","18":"product-type-simple"},"_links":{"self":[{"href":"https:\/\/iglesiapalabrapura.com\/site\/wp-json\/wp\/v2\/product\/29336","targetHints":{"allow":["GET"]}}],"collection":[{"href":"https:\/\/iglesiapalabrapura.com\/site\/wp-json\/wp\/v2\/product"}],"about":[{"href":"https:\/\/iglesiapalabrapura.com\/site\/wp-json\/wp\/v2\/types\/product"}],"replies":[{"embeddable":true,"href":"https:\/\/iglesiapalabrapura.com\/site\/wp-json\/wp\/v2\/comments?post=29336"}],"wp:featuredmedia":[{"embeddable":true,"href":"https:\/\/iglesiapalabrapura.com\/site\/wp-json\/wp\/v2\/media\/29107"}],"wp:attachment":[{"href":"https:\/\/iglesiapalabrapura.com\/site\/wp-json\/wp\/v2\/media?parent=29336"}],"wp:term":[{"taxonomy":"product_cat","embeddable":true,"href":"https:\/\/iglesiapalabrapura.com\/site\/wp-json\/wp\/v2\/product_cat?post=29336"},{"taxonomy":"product_tag","embeddable":true,"href":"https:\/\/iglesiapalabrapura.com\/site\/wp-json\/wp\/v2\/product_tag?post=29336"}],"curies":[{"name":"wp","href":"https:\/\/api.w.org\/{rel}","templated":true}]}}