{"id":29341,"date":"2022-04-30T14:19:09","date_gmt":"2022-04-30T19:19:09","guid":{"rendered":"https:\/\/iglesiapalabrapura.com\/site\/?post_type=product&#038;p=29341"},"modified":"2024-05-17T11:31:41","modified_gmt":"2024-05-17T16:31:41","slug":"guiados-por-el-espiritu-santo-serie","status":"publish","type":"product","link":"https:\/\/iglesiapalabrapura.com\/site\/product\/guiados-por-el-espiritu-santo-serie\/","title":{"rendered":"Guiados por el Esp\u00edritu Santo (Serie)"},"content":{"rendered":"","protected":false},"excerpt":{"rendered":"<p class=\"p1\"><span class=\"s1\">Jesucristo nos dijo que el Esp\u00edritu Santo nos guiar\u00eda a la verdad. Para que tengamos la garant\u00eda de estar caminando en la senda de la victoria que Jesucristo gan\u00f3 para nosotros, debemos aprender de qu\u00e9 forma escuchamos la voz y gu\u00eda del Esp\u00edritu Santo en nuestras vidas. Nuestro Pastor Rafael Lemes nos explica a trav\u00e9s de esta Serie de 4 Ense\u00f1anzas c\u00f3mo somos guiados por el Esp\u00edritu Santo.<\/span><\/p>\n<p>Ense\u00f1anza del a\u00f1o 2016<\/p>\n","protected":false},"featured_media":29342,"comment_status":"open","ping_status":"closed","template":"","meta":[],"product_cat":[52,840],"product_tag":[162,116,65,120],"class_list":{"0":"post-29341","1":"product","2":"type-product","3":"status-publish","4":"has-post-thumbnail","6":"product_cat-audioensenanza","7":"product_cat-rafael-lemes","8":"product_tag-guiados-por-el-espiritu-santo","9":"product_tag-iglesia-palabra-pura","10":"product_tag-pastor-rafael-lemes","11":"product_tag-serie","13":"first","14":"instock","15":"downloadable","16":"virtual","17":"purchasable","18":"product-type-simple"},"_links":{"self":[{"href":"https:\/\/iglesiapalabrapura.com\/site\/wp-json\/wp\/v2\/product\/29341","targetHints":{"allow":["GET"]}}],"collection":[{"href":"https:\/\/iglesiapalabrapura.com\/site\/wp-json\/wp\/v2\/product"}],"about":[{"href":"https:\/\/iglesiapalabrapura.com\/site\/wp-json\/wp\/v2\/types\/product"}],"replies":[{"embeddable":true,"href":"https:\/\/iglesiapalabrapura.com\/site\/wp-json\/wp\/v2\/comments?post=29341"}],"wp:featuredmedia":[{"embeddable":true,"href":"https:\/\/iglesiapalabrapura.com\/site\/wp-json\/wp\/v2\/media\/29342"}],"wp:attachment":[{"href":"https:\/\/iglesiapalabrapura.com\/site\/wp-json\/wp\/v2\/media?parent=29341"}],"wp:term":[{"taxonomy":"product_cat","embeddable":true,"href":"https:\/\/iglesiapalabrapura.com\/site\/wp-json\/wp\/v2\/product_cat?post=29341"},{"taxonomy":"product_tag","embeddable":true,"href":"https:\/\/iglesiapalabrapura.com\/site\/wp-json\/wp\/v2\/product_tag?post=29341"}],"curies":[{"name":"wp","href":"https:\/\/api.w.org\/{rel}","templated":true}]}}