{"id":29351,"date":"2022-04-30T14:47:27","date_gmt":"2022-04-30T19:47:27","guid":{"rendered":"https:\/\/iglesiapalabrapura.com\/site\/?post_type=product&#038;p=29351"},"modified":"2024-05-20T17:18:48","modified_gmt":"2024-05-20T22:18:48","slug":"bajate-de-la-maquina-del-tiempo","status":"publish","type":"product","link":"https:\/\/iglesiapalabrapura.com\/site\/product\/bajate-de-la-maquina-del-tiempo\/","title":{"rendered":"B\u00e1jate de la M\u00e1quina del Tiempo"},"content":{"rendered":"","protected":false},"excerpt":{"rendered":"<p class=\"p1\"><span class=\"s1\">Toda la Biblia es inspirada por Dios, pero no toda la Biblia es para hoy. Muchas cristianos no comprenden en qu\u00e9 Dispensaci\u00f3n est\u00e1n y qu\u00e9 significa estar bajo el Nuevo Pacto. Nuestra Pastora Adriana H. Lemes nos explica c\u00f3mo podemos identificar cuando no estamos caminando bajo el Nuevo Pacto, en esta Dispensaci\u00f3n de la Iglesia.<\/span><\/p>\n<p>Ense\u00f1anza del a\u00f1o 2016<\/p>\n<p class=\"p1\">\n","protected":false},"featured_media":29352,"comment_status":"open","ping_status":"closed","template":"","meta":[],"product_cat":[52,841],"product_tag":[166,116,62],"class_list":{"0":"post-29351","1":"product","2":"type-product","3":"status-publish","4":"has-post-thumbnail","6":"product_cat-audioensenanza","7":"product_cat-adrianalemes","8":"product_tag-bajate-de-la-maquina-del-tiempo","9":"product_tag-iglesia-palabra-pura","10":"product_tag-pastora-adriana-lemes","12":"first","13":"instock","14":"downloadable","15":"virtual","16":"purchasable","17":"product-type-simple"},"_links":{"self":[{"href":"https:\/\/iglesiapalabrapura.com\/site\/wp-json\/wp\/v2\/product\/29351","targetHints":{"allow":["GET"]}}],"collection":[{"href":"https:\/\/iglesiapalabrapura.com\/site\/wp-json\/wp\/v2\/product"}],"about":[{"href":"https:\/\/iglesiapalabrapura.com\/site\/wp-json\/wp\/v2\/types\/product"}],"replies":[{"embeddable":true,"href":"https:\/\/iglesiapalabrapura.com\/site\/wp-json\/wp\/v2\/comments?post=29351"}],"wp:featuredmedia":[{"embeddable":true,"href":"https:\/\/iglesiapalabrapura.com\/site\/wp-json\/wp\/v2\/media\/29352"}],"wp:attachment":[{"href":"https:\/\/iglesiapalabrapura.com\/site\/wp-json\/wp\/v2\/media?parent=29351"}],"wp:term":[{"taxonomy":"product_cat","embeddable":true,"href":"https:\/\/iglesiapalabrapura.com\/site\/wp-json\/wp\/v2\/product_cat?post=29351"},{"taxonomy":"product_tag","embeddable":true,"href":"https:\/\/iglesiapalabrapura.com\/site\/wp-json\/wp\/v2\/product_tag?post=29351"}],"curies":[{"name":"wp","href":"https:\/\/api.w.org\/{rel}","templated":true}]}}