{"id":29357,"date":"2022-04-30T16:33:51","date_gmt":"2022-04-30T21:33:51","guid":{"rendered":"https:\/\/iglesiapalabrapura.com\/site\/?post_type=product&#038;p=29357"},"modified":"2024-05-20T17:18:20","modified_gmt":"2024-05-20T22:18:20","slug":"paz-financiera-serie","status":"publish","type":"product","link":"https:\/\/iglesiapalabrapura.com\/site\/product\/paz-financiera-serie\/","title":{"rendered":"Paz Financiera (Serie)"},"content":{"rendered":"","protected":false},"excerpt":{"rendered":"<p class=\"p1\"><span class=\"s1\">El que cree mal, vive malos resultados. Dios estructur\u00f3 c\u00f3mo iba a funcionar esta tierra; quien haga lo que Dios dijo, ver\u00e1 el resultado de lo que Dios dijo que pasar\u00eda. Dios nos quiere pr\u00f3speros, no bajo el yugo y maldici\u00f3n de la deuda. Nuestros Pastores Rafael y Adriana Lemes a trav\u00e9s de esta Serie de 5 Ense\u00f1anzas nos explican los Principios que Dios ha establecido para nuestra prosperidad financiera. Tambi\u00e9n encontrar\u00e1s el Testimonio de una pareja que por no comprender los principios de Dios, como el Diezmo o las deudas, vivieron tiempos realmente dif\u00edciles, pero que cuando aplicaron lo que dice la Palabra, pudieron salir del yugo de las deudas y est\u00e1n viendo la Bendici\u00f3n financiera de Dios manifestarse en sus vidas.<\/span><\/p>\n<p>Ense\u00f1anza del a\u00f1o 2017<\/p>\n","protected":false},"featured_media":29358,"comment_status":"open","ping_status":"closed","template":"","meta":[],"product_cat":[52,841,840],"product_tag":[116,65,62,169,120],"class_list":{"0":"post-29357","1":"product","2":"type-product","3":"status-publish","4":"has-post-thumbnail","6":"product_cat-audioensenanza","7":"product_cat-adrianalemes","8":"product_cat-rafael-lemes","9":"product_tag-iglesia-palabra-pura","10":"product_tag-pastor-rafael-lemes","11":"product_tag-pastora-adriana-lemes","12":"product_tag-paz-financiera","13":"product_tag-serie","15":"first","16":"instock","17":"downloadable","18":"virtual","19":"purchasable","20":"product-type-simple"},"_links":{"self":[{"href":"https:\/\/iglesiapalabrapura.com\/site\/wp-json\/wp\/v2\/product\/29357","targetHints":{"allow":["GET"]}}],"collection":[{"href":"https:\/\/iglesiapalabrapura.com\/site\/wp-json\/wp\/v2\/product"}],"about":[{"href":"https:\/\/iglesiapalabrapura.com\/site\/wp-json\/wp\/v2\/types\/product"}],"replies":[{"embeddable":true,"href":"https:\/\/iglesiapalabrapura.com\/site\/wp-json\/wp\/v2\/comments?post=29357"}],"wp:featuredmedia":[{"embeddable":true,"href":"https:\/\/iglesiapalabrapura.com\/site\/wp-json\/wp\/v2\/media\/29358"}],"wp:attachment":[{"href":"https:\/\/iglesiapalabrapura.com\/site\/wp-json\/wp\/v2\/media?parent=29357"}],"wp:term":[{"taxonomy":"product_cat","embeddable":true,"href":"https:\/\/iglesiapalabrapura.com\/site\/wp-json\/wp\/v2\/product_cat?post=29357"},{"taxonomy":"product_tag","embeddable":true,"href":"https:\/\/iglesiapalabrapura.com\/site\/wp-json\/wp\/v2\/product_tag?post=29357"}],"curies":[{"name":"wp","href":"https:\/\/api.w.org\/{rel}","templated":true}]}}