{"id":29362,"date":"2022-04-30T18:00:54","date_gmt":"2022-04-30T23:00:54","guid":{"rendered":"https:\/\/iglesiapalabrapura.com\/site\/?post_type=product&#038;p=29362"},"modified":"2024-05-20T17:18:04","modified_gmt":"2024-05-20T22:18:04","slug":"maldicion-generacional-serie","status":"publish","type":"product","link":"https:\/\/iglesiapalabrapura.com\/site\/product\/maldicion-generacional-serie\/","title":{"rendered":"Maldici\u00f3n Generacional (Serie)"},"content":{"rendered":"","protected":false},"excerpt":{"rendered":"<p class=\"p1\"><span class=\"s1\">Muchos cristianos han sido enga\u00f1ados con falsas ense\u00f1anzas que los llevan a ver las maldiciones como algo normal o<span class=\"Apple-converted-space\">\u00a0\u00a0<\/span>a abrazarlas como enviadas por Dios, y desconocen el por qu\u00e9 Jesucristo fue hecho maldici\u00f3n en la cruz.<\/span><\/p>\n<p class=\"p1\"><span class=\"s1\">Muchos cristianos han aceptado los diagn\u00f3sticos de enfermedad como hereditarios, pensando que es algo normal, o han pasado por alto las quiebras o divorcios que evidentemente pasan de generaci\u00f3n en generaci\u00f3n como si fuera algo com\u00fan, sin embargo, a trav\u00e9s de estas 3 Ense\u00f1anzas nuestra Pastora Adriana H. Lemes te explicar\u00e1 c\u00f3mo identificar la maldici\u00f3n generacional y qu\u00e9 hizo Jesucristo en la cruz para que no tengas qu\u00e9 cargar con ella, y as\u00ed puedas pararte firme en la Palabra y vivir en la Bendici\u00f3n que Jesucristo gan\u00f3 para ti y para tu familia.<\/span><\/p>\n<p>Ense\u00f1anza del a\u00f1o 2017<\/p>\n","protected":false},"featured_media":29363,"comment_status":"open","ping_status":"closed","template":"","meta":[],"product_cat":[52,841],"product_tag":[116,172,171,62,120],"class_list":{"0":"post-29362","1":"product","2":"type-product","3":"status-publish","4":"has-post-thumbnail","6":"product_cat-audioensenanza","7":"product_cat-adrianalemes","8":"product_tag-iglesia-palabra-pura","9":"product_tag-maldicion","10":"product_tag-maldicion-generacional","11":"product_tag-pastora-adriana-lemes","12":"product_tag-serie","14":"first","15":"instock","16":"downloadable","17":"virtual","18":"purchasable","19":"product-type-simple"},"_links":{"self":[{"href":"https:\/\/iglesiapalabrapura.com\/site\/wp-json\/wp\/v2\/product\/29362","targetHints":{"allow":["GET"]}}],"collection":[{"href":"https:\/\/iglesiapalabrapura.com\/site\/wp-json\/wp\/v2\/product"}],"about":[{"href":"https:\/\/iglesiapalabrapura.com\/site\/wp-json\/wp\/v2\/types\/product"}],"replies":[{"embeddable":true,"href":"https:\/\/iglesiapalabrapura.com\/site\/wp-json\/wp\/v2\/comments?post=29362"}],"wp:featuredmedia":[{"embeddable":true,"href":"https:\/\/iglesiapalabrapura.com\/site\/wp-json\/wp\/v2\/media\/29363"}],"wp:attachment":[{"href":"https:\/\/iglesiapalabrapura.com\/site\/wp-json\/wp\/v2\/media?parent=29362"}],"wp:term":[{"taxonomy":"product_cat","embeddable":true,"href":"https:\/\/iglesiapalabrapura.com\/site\/wp-json\/wp\/v2\/product_cat?post=29362"},{"taxonomy":"product_tag","embeddable":true,"href":"https:\/\/iglesiapalabrapura.com\/site\/wp-json\/wp\/v2\/product_tag?post=29362"}],"curies":[{"name":"wp","href":"https:\/\/api.w.org\/{rel}","templated":true}]}}