{"id":29377,"date":"2022-05-02T14:37:02","date_gmt":"2022-05-02T19:37:02","guid":{"rendered":"https:\/\/iglesiapalabrapura.com\/site\/?post_type=product&#038;p=29377"},"modified":"2024-05-17T11:30:36","modified_gmt":"2024-05-17T16:30:36","slug":"sumergidos-en-romanos-serie","status":"publish","type":"product","link":"https:\/\/iglesiapalabrapura.com\/site\/product\/sumergidos-en-romanos-serie\/","title":{"rendered":"Sumergidos en Romanos (Serie)"},"content":{"rendered":"","protected":false},"excerpt":{"rendered":"<p class=\"p1\"><span class=\"s1\">Esta Serie \u201cSUMERGIDOS EN ROMANOS\u201d naci\u00f3 de una pregunta que ley\u00f3 nuestro Pastor Rafael en un art\u00edculo. La pregunta era: \u00bfmandar\u00eda Dios a los paganos al infierno, simplemente por no creer en un Cristo del que nunca hab\u00edan o\u00eddo hablar? Sum\u00e9rgete en el Libro de Romanos a trav\u00e9s de estas 8 Ense\u00f1anzas de nuestro Pastor Rafael y aprende verdades fundamentales del Evangelio de la Gracia.<\/span><\/p>\n<p>Ense\u00f1anza del A\u00f1o 2017<\/p>\n","protected":false},"featured_media":29371,"comment_status":"open","ping_status":"closed","template":"","meta":[],"product_cat":[52,840],"product_tag":[116,68,65,120,174],"class_list":{"0":"post-29377","1":"product","2":"type-product","3":"status-publish","4":"has-post-thumbnail","6":"product_cat-audioensenanza","7":"product_cat-rafael-lemes","8":"product_tag-iglesia-palabra-pura","9":"product_tag-pastor-rafael","10":"product_tag-pastor-rafael-lemes","11":"product_tag-serie","12":"product_tag-sumergidos-en-romanos","14":"first","15":"instock","16":"downloadable","17":"virtual","18":"purchasable","19":"product-type-simple"},"_links":{"self":[{"href":"https:\/\/iglesiapalabrapura.com\/site\/wp-json\/wp\/v2\/product\/29377","targetHints":{"allow":["GET"]}}],"collection":[{"href":"https:\/\/iglesiapalabrapura.com\/site\/wp-json\/wp\/v2\/product"}],"about":[{"href":"https:\/\/iglesiapalabrapura.com\/site\/wp-json\/wp\/v2\/types\/product"}],"replies":[{"embeddable":true,"href":"https:\/\/iglesiapalabrapura.com\/site\/wp-json\/wp\/v2\/comments?post=29377"}],"wp:featuredmedia":[{"embeddable":true,"href":"https:\/\/iglesiapalabrapura.com\/site\/wp-json\/wp\/v2\/media\/29371"}],"wp:attachment":[{"href":"https:\/\/iglesiapalabrapura.com\/site\/wp-json\/wp\/v2\/media?parent=29377"}],"wp:term":[{"taxonomy":"product_cat","embeddable":true,"href":"https:\/\/iglesiapalabrapura.com\/site\/wp-json\/wp\/v2\/product_cat?post=29377"},{"taxonomy":"product_tag","embeddable":true,"href":"https:\/\/iglesiapalabrapura.com\/site\/wp-json\/wp\/v2\/product_tag?post=29377"}],"curies":[{"name":"wp","href":"https:\/\/api.w.org\/{rel}","templated":true}]}}