{"id":29559,"date":"2022-05-02T18:11:34","date_gmt":"2022-05-02T23:11:34","guid":{"rendered":"https:\/\/iglesiapalabrapura.com\/site\/?post_type=product&#038;p=29559"},"modified":"2025-09-23T17:05:46","modified_gmt":"2025-09-23T22:05:46","slug":"la-resurreccion-de-los-muertos-serie","status":"publish","type":"product","link":"https:\/\/iglesiapalabrapura.com\/site\/product\/la-resurreccion-de-los-muertos-serie\/","title":{"rendered":"La Resurrecci\u00f3n de Los Muertos (Serie)"},"content":{"rendered":"","protected":false},"excerpt":{"rendered":"<p class=\"p1\"><span class=\"s1\">Hebreos 6:1-2 nos habla de 6 doctrinas b\u00e1sicas de Cristo que todo creyente debe conocer para tener un fundamento seguro, y as\u00ed caminar hacia la perfecci\u00f3n. La mayor\u00eda de cristianos del mundo no tienen ni idea de qu\u00e9 se trata cada doctrina b\u00e1sica de Cristo.<\/span><\/p>\n<p class=\"p1\"><span class=\"s1\">Nuestra Pastora Adriana H. Lemes en esta Serie de 7 Ense\u00f1anzas nos habla detalladamente de la quinta y sexta doctrina b\u00e1sica de Cristo, la Resurrecci\u00f3n de los muertos y el Juicio Eterno. Estos son los temas que contiene esta Serie:<\/span><\/p>\n<ul class=\"ul1\">\n<li class=\"li1\"><span class=\"s1\">La Resurrecci\u00f3n de los muertos.<\/span><\/li>\n<li class=\"li1\"><span class=\"s1\">El Juicio Eterno.<\/span><\/li>\n<li class=\"li1\"><span class=\"s1\">El Tribunal de Cristo.<\/span><\/li>\n<li class=\"li1\"><span class=\"s1\">Corre por lo Eterno, no por lo temporal.<\/span><\/li>\n<li class=\"li1\"><span class=\"s1\">\u00bfRealmente sabes en qu\u00e9 tiempos est\u00e1s?<\/span><\/li>\n<li class=\"li1\"><span class=\"s1\">Vas por la Resurrecci\u00f3n o la Glorificaci\u00f3n.<\/span><\/li>\n<li class=\"li1\"><span class=\"s1\">Yo determino si ser\u00e9 Eliminado o Glorificado.<\/span><\/li>\n<\/ul>\n<p>Ense\u00f1anza del a\u00f1o 2016<\/p>\n","protected":false},"featured_media":72670,"comment_status":"open","ping_status":"closed","template":"","meta":[],"product_cat":[52,841],"product_tag":[116,176,62,120],"class_list":{"0":"post-29559","1":"product","2":"type-product","3":"status-publish","4":"has-post-thumbnail","6":"product_cat-audioensenanza","7":"product_cat-adrianalemes","8":"product_tag-iglesia-palabra-pura","9":"product_tag-la-resurreccion-de-los-muertos","10":"product_tag-pastora-adriana-lemes","11":"product_tag-serie","13":"first","14":"instock","15":"downloadable","16":"virtual","17":"purchasable","18":"product-type-simple"},"_links":{"self":[{"href":"https:\/\/iglesiapalabrapura.com\/site\/wp-json\/wp\/v2\/product\/29559","targetHints":{"allow":["GET"]}}],"collection":[{"href":"https:\/\/iglesiapalabrapura.com\/site\/wp-json\/wp\/v2\/product"}],"about":[{"href":"https:\/\/iglesiapalabrapura.com\/site\/wp-json\/wp\/v2\/types\/product"}],"replies":[{"embeddable":true,"href":"https:\/\/iglesiapalabrapura.com\/site\/wp-json\/wp\/v2\/comments?post=29559"}],"wp:featuredmedia":[{"embeddable":true,"href":"https:\/\/iglesiapalabrapura.com\/site\/wp-json\/wp\/v2\/media\/72670"}],"wp:attachment":[{"href":"https:\/\/iglesiapalabrapura.com\/site\/wp-json\/wp\/v2\/media?parent=29559"}],"wp:term":[{"taxonomy":"product_cat","embeddable":true,"href":"https:\/\/iglesiapalabrapura.com\/site\/wp-json\/wp\/v2\/product_cat?post=29559"},{"taxonomy":"product_tag","embeddable":true,"href":"https:\/\/iglesiapalabrapura.com\/site\/wp-json\/wp\/v2\/product_tag?post=29559"}],"curies":[{"name":"wp","href":"https:\/\/api.w.org\/{rel}","templated":true}]}}