{"id":29560,"date":"2022-05-02T18:17:56","date_gmt":"2022-05-02T23:17:56","guid":{"rendered":"https:\/\/iglesiapalabrapura.com\/site\/?post_type=product&#038;p=29560"},"modified":"2025-03-20T23:31:23","modified_gmt":"2025-03-21T04:31:23","slug":"el-aceite-de-la-uncion-1-y-2-serie","status":"publish","type":"product","link":"https:\/\/iglesiapalabrapura.com\/site\/product\/el-aceite-de-la-uncion-1-y-2-serie\/","title":{"rendered":"El Aceite de la Unci\u00f3n 1 y 2 (Serie)"},"content":{"rendered":"","protected":false},"excerpt":{"rendered":"<p>El Aceite de la Unci\u00f3n es el punto de contacto Celestial que consagramos para la Gloria de Dios. Pero es necesario que primero comprendas la Ense\u00f1anza de qu\u00e9 significa y por qu\u00e9 lo usamos como arma poderosa dada por el Se\u00f1or para ungirnos, ungir a otros y ungir nuestras propiedades. Al final de esta Serie nuestra Pastora Adriana H. Lemes te guiar\u00e1 para que consagres tu aceite para el servicio al Se\u00f1or.<\/p>\n<p>Ense\u00f1anza del a\u00f1o 2015 (la parte 1)<\/p>\n<p>Ense\u00f1anza del a\u00f1o 2020\u00a0 (la parte 2)<\/p>\n","protected":false},"featured_media":29395,"comment_status":"open","ping_status":"closed","template":"","meta":[],"product_cat":[52,841],"product_tag":[177,116,62,120],"class_list":{"0":"post-29560","1":"product","2":"type-product","3":"status-publish","4":"has-post-thumbnail","6":"product_cat-audioensenanza","7":"product_cat-adrianalemes","8":"product_tag-el-aceite-de-la-uncion-1-y-2","9":"product_tag-iglesia-palabra-pura","10":"product_tag-pastora-adriana-lemes","11":"product_tag-serie","13":"first","14":"instock","15":"downloadable","16":"virtual","17":"purchasable","18":"product-type-simple"},"_links":{"self":[{"href":"https:\/\/iglesiapalabrapura.com\/site\/wp-json\/wp\/v2\/product\/29560","targetHints":{"allow":["GET"]}}],"collection":[{"href":"https:\/\/iglesiapalabrapura.com\/site\/wp-json\/wp\/v2\/product"}],"about":[{"href":"https:\/\/iglesiapalabrapura.com\/site\/wp-json\/wp\/v2\/types\/product"}],"replies":[{"embeddable":true,"href":"https:\/\/iglesiapalabrapura.com\/site\/wp-json\/wp\/v2\/comments?post=29560"}],"wp:featuredmedia":[{"embeddable":true,"href":"https:\/\/iglesiapalabrapura.com\/site\/wp-json\/wp\/v2\/media\/29395"}],"wp:attachment":[{"href":"https:\/\/iglesiapalabrapura.com\/site\/wp-json\/wp\/v2\/media?parent=29560"}],"wp:term":[{"taxonomy":"product_cat","embeddable":true,"href":"https:\/\/iglesiapalabrapura.com\/site\/wp-json\/wp\/v2\/product_cat?post=29560"},{"taxonomy":"product_tag","embeddable":true,"href":"https:\/\/iglesiapalabrapura.com\/site\/wp-json\/wp\/v2\/product_tag?post=29560"}],"curies":[{"name":"wp","href":"https:\/\/api.w.org\/{rel}","templated":true}]}}