{"id":29562,"date":"2022-05-02T18:25:14","date_gmt":"2022-05-02T23:25:14","guid":{"rendered":"https:\/\/iglesiapalabrapura.com\/site\/?post_type=product&#038;p=29562"},"modified":"2024-05-20T17:16:29","modified_gmt":"2024-05-20T22:16:29","slug":"pentecostes-serie","status":"publish","type":"product","link":"https:\/\/iglesiapalabrapura.com\/site\/product\/pentecostes-serie\/","title":{"rendered":"Pentecost\u00e9s (Serie)"},"content":{"rendered":"","protected":false},"excerpt":{"rendered":"<p>A trav\u00e9s de esta Serie, nuestra Pastora Adriana H. Lemes nos explica el significado del Primer y Segundo Pentecost\u00e9s m\u00e1s importante de la Historia; por qu\u00e9 el primero fue en el Monte Sina\u00ed y el Segundo en el Monte de Si\u00f3n. Adem\u00e1s, conocer\u00e1s por qu\u00e9 los hijos de Dios podemos recibir el Bautismo del Esp\u00edritu Santo con la evidencia de hablar en nuevas lenguas.<\/p>\n","protected":false},"featured_media":29392,"comment_status":"open","ping_status":"closed","template":"","meta":[],"product_cat":[52,841],"product_tag":[116,62,179,120],"class_list":{"0":"post-29562","1":"product","2":"type-product","3":"status-publish","4":"has-post-thumbnail","6":"product_cat-audioensenanza","7":"product_cat-adrianalemes","8":"product_tag-iglesia-palabra-pura","9":"product_tag-pastora-adriana-lemes","10":"product_tag-pentecostes","11":"product_tag-serie","13":"first","14":"instock","15":"downloadable","16":"virtual","17":"purchasable","18":"product-type-simple"},"_links":{"self":[{"href":"https:\/\/iglesiapalabrapura.com\/site\/wp-json\/wp\/v2\/product\/29562","targetHints":{"allow":["GET"]}}],"collection":[{"href":"https:\/\/iglesiapalabrapura.com\/site\/wp-json\/wp\/v2\/product"}],"about":[{"href":"https:\/\/iglesiapalabrapura.com\/site\/wp-json\/wp\/v2\/types\/product"}],"replies":[{"embeddable":true,"href":"https:\/\/iglesiapalabrapura.com\/site\/wp-json\/wp\/v2\/comments?post=29562"}],"wp:featuredmedia":[{"embeddable":true,"href":"https:\/\/iglesiapalabrapura.com\/site\/wp-json\/wp\/v2\/media\/29392"}],"wp:attachment":[{"href":"https:\/\/iglesiapalabrapura.com\/site\/wp-json\/wp\/v2\/media?parent=29562"}],"wp:term":[{"taxonomy":"product_cat","embeddable":true,"href":"https:\/\/iglesiapalabrapura.com\/site\/wp-json\/wp\/v2\/product_cat?post=29562"},{"taxonomy":"product_tag","embeddable":true,"href":"https:\/\/iglesiapalabrapura.com\/site\/wp-json\/wp\/v2\/product_tag?post=29562"}],"curies":[{"name":"wp","href":"https:\/\/api.w.org\/{rel}","templated":true}]}}