{"id":29579,"date":"2022-05-03T10:28:11","date_gmt":"2022-05-03T15:28:11","guid":{"rendered":"https:\/\/iglesiapalabrapura.com\/site\/?post_type=product&#038;p=29579"},"modified":"2024-05-20T17:16:06","modified_gmt":"2024-05-20T22:16:06","slug":"la-perla-del-gran-precio","status":"publish","type":"product","link":"https:\/\/iglesiapalabrapura.com\/site\/product\/la-perla-del-gran-precio\/","title":{"rendered":"La Perla del Gran Precio"},"content":{"rendered":"","protected":false},"excerpt":{"rendered":"<p>Esta Ense\u00f1anza explica par\u00e1bolas que pusieron en jaque mentes Jud\u00edas hace m\u00e1s de 2.000 a\u00f1os, y que te ayudar\u00e1n a comprender cu\u00e1nto valor tienes para Dios \u00bfSabes qu\u00e9 buscaba el Hijo de Dios cuando vino a la tierra? \u00bfQui\u00e9n busco primero a qui\u00e9n? \u00bfT\u00fa a Dios, o Dios a ti? \u00bfQui\u00e9n pago el gran precio por la perla? \u00bfLo pagaste t\u00fa, o la pago Dios? Conoce a qui\u00e9n considera Dios una perla de gran precio.<\/p>\n<p>&nbsp;<\/p>\n<p>Ense\u00f1anza del a\u00f1o 2018<\/p>\n","protected":false},"featured_media":29419,"comment_status":"open","ping_status":"closed","template":"","meta":[],"product_cat":[52,841],"product_tag":[123,116,190,62],"class_list":{"0":"post-29579","1":"product","2":"type-product","3":"status-publish","4":"has-post-thumbnail","6":"product_cat-audioensenanza","7":"product_cat-adrianalemes","8":"product_tag-ensenanza","9":"product_tag-iglesia-palabra-pura","10":"product_tag-la-perla-del-gran-precio","11":"product_tag-pastora-adriana-lemes","13":"first","14":"instock","15":"downloadable","16":"virtual","17":"purchasable","18":"product-type-simple"},"_links":{"self":[{"href":"https:\/\/iglesiapalabrapura.com\/site\/wp-json\/wp\/v2\/product\/29579","targetHints":{"allow":["GET"]}}],"collection":[{"href":"https:\/\/iglesiapalabrapura.com\/site\/wp-json\/wp\/v2\/product"}],"about":[{"href":"https:\/\/iglesiapalabrapura.com\/site\/wp-json\/wp\/v2\/types\/product"}],"replies":[{"embeddable":true,"href":"https:\/\/iglesiapalabrapura.com\/site\/wp-json\/wp\/v2\/comments?post=29579"}],"wp:featuredmedia":[{"embeddable":true,"href":"https:\/\/iglesiapalabrapura.com\/site\/wp-json\/wp\/v2\/media\/29419"}],"wp:attachment":[{"href":"https:\/\/iglesiapalabrapura.com\/site\/wp-json\/wp\/v2\/media?parent=29579"}],"wp:term":[{"taxonomy":"product_cat","embeddable":true,"href":"https:\/\/iglesiapalabrapura.com\/site\/wp-json\/wp\/v2\/product_cat?post=29579"},{"taxonomy":"product_tag","embeddable":true,"href":"https:\/\/iglesiapalabrapura.com\/site\/wp-json\/wp\/v2\/product_tag?post=29579"}],"curies":[{"name":"wp","href":"https:\/\/api.w.org\/{rel}","templated":true}]}}