{"id":29590,"date":"2022-05-03T10:38:23","date_gmt":"2022-05-03T15:38:23","guid":{"rendered":"https:\/\/iglesiapalabrapura.com\/site\/?post_type=product&#038;p=29590"},"modified":"2024-05-17T11:29:08","modified_gmt":"2024-05-17T16:29:08","slug":"raices-del-cristianismo-serie","status":"publish","type":"product","link":"https:\/\/iglesiapalabrapura.com\/site\/product\/raices-del-cristianismo-serie\/","title":{"rendered":"Ra\u00edces del Cristianismo (Serie)"},"content":{"rendered":"","protected":false},"excerpt":{"rendered":"<p>A trav\u00e9s de dos ense\u00f1anzas,\u00a0el Pastor Rafael\u00a0nos explica cu\u00e1l es el concepto que se conoce de ser cristianos, y lo que la Palabra nos indica que es ser cristiano. Conoce las verdaderas ra\u00edces del Cristianismo.<\/p>\n<p>Serie de 2 partes<\/p>\n<p>Ense\u00f1anza 2017<\/p>\n","protected":false},"featured_media":29421,"comment_status":"open","ping_status":"closed","template":"","meta":[],"product_cat":[52,840],"product_tag":[116,65,195,120],"class_list":{"0":"post-29590","1":"product","2":"type-product","3":"status-publish","4":"has-post-thumbnail","6":"product_cat-audioensenanza","7":"product_cat-rafael-lemes","8":"product_tag-iglesia-palabra-pura","9":"product_tag-pastor-rafael-lemes","10":"product_tag-raices-del-cristianismo","11":"product_tag-serie","13":"first","14":"instock","15":"downloadable","16":"virtual","17":"purchasable","18":"product-type-simple"},"_links":{"self":[{"href":"https:\/\/iglesiapalabrapura.com\/site\/wp-json\/wp\/v2\/product\/29590","targetHints":{"allow":["GET"]}}],"collection":[{"href":"https:\/\/iglesiapalabrapura.com\/site\/wp-json\/wp\/v2\/product"}],"about":[{"href":"https:\/\/iglesiapalabrapura.com\/site\/wp-json\/wp\/v2\/types\/product"}],"replies":[{"embeddable":true,"href":"https:\/\/iglesiapalabrapura.com\/site\/wp-json\/wp\/v2\/comments?post=29590"}],"wp:featuredmedia":[{"embeddable":true,"href":"https:\/\/iglesiapalabrapura.com\/site\/wp-json\/wp\/v2\/media\/29421"}],"wp:attachment":[{"href":"https:\/\/iglesiapalabrapura.com\/site\/wp-json\/wp\/v2\/media?parent=29590"}],"wp:term":[{"taxonomy":"product_cat","embeddable":true,"href":"https:\/\/iglesiapalabrapura.com\/site\/wp-json\/wp\/v2\/product_cat?post=29590"},{"taxonomy":"product_tag","embeddable":true,"href":"https:\/\/iglesiapalabrapura.com\/site\/wp-json\/wp\/v2\/product_tag?post=29590"}],"curies":[{"name":"wp","href":"https:\/\/api.w.org\/{rel}","templated":true}]}}