{"id":29593,"date":"2022-05-03T10:43:49","date_gmt":"2022-05-03T15:43:49","guid":{"rendered":"https:\/\/iglesiapalabrapura.com\/site\/?post_type=product&#038;p=29593"},"modified":"2024-05-17T11:28:56","modified_gmt":"2024-05-17T16:28:56","slug":"la-vida-de-fe","status":"publish","type":"product","link":"https:\/\/iglesiapalabrapura.com\/site\/product\/la-vida-de-fe\/","title":{"rendered":"La Vida de Fe"},"content":{"rendered":"","protected":false},"excerpt":{"rendered":"<p>\u00bfNuestro caminar de fe, depende de nuestra capacidad o de lo que Jes\u00fas hizo en la cruz? una vida de fe requiere de paciencia, pero tambi\u00e9n\u00a0 de confianza en Aquel que prometi\u00f3. Su prop\u00f3sito va mucho m\u00e1s all\u00e1 de disfrutar una vida de bendici\u00f3n como resultado de caminar por fe. El Pastor Rafael Lemes nos explica como el objetivo de nuestro caminar de fe est\u00e1 siendo ignorado por el cuerpo de Cristo.<\/p>\n<p>Ense\u00f1anza del a\u00f1o 2019<\/p>\n","protected":false},"featured_media":29424,"comment_status":"open","ping_status":"closed","template":"","meta":[],"product_cat":[52,840],"product_tag":[123,116,196,65],"class_list":{"0":"post-29593","1":"product","2":"type-product","3":"status-publish","4":"has-post-thumbnail","6":"product_cat-audioensenanza","7":"product_cat-rafael-lemes","8":"product_tag-ensenanza","9":"product_tag-iglesia-palabra-pura","10":"product_tag-la-vida-de-fe","11":"product_tag-pastor-rafael-lemes","13":"first","14":"instock","15":"downloadable","16":"virtual","17":"purchasable","18":"product-type-simple"},"_links":{"self":[{"href":"https:\/\/iglesiapalabrapura.com\/site\/wp-json\/wp\/v2\/product\/29593","targetHints":{"allow":["GET"]}}],"collection":[{"href":"https:\/\/iglesiapalabrapura.com\/site\/wp-json\/wp\/v2\/product"}],"about":[{"href":"https:\/\/iglesiapalabrapura.com\/site\/wp-json\/wp\/v2\/types\/product"}],"replies":[{"embeddable":true,"href":"https:\/\/iglesiapalabrapura.com\/site\/wp-json\/wp\/v2\/comments?post=29593"}],"wp:featuredmedia":[{"embeddable":true,"href":"https:\/\/iglesiapalabrapura.com\/site\/wp-json\/wp\/v2\/media\/29424"}],"wp:attachment":[{"href":"https:\/\/iglesiapalabrapura.com\/site\/wp-json\/wp\/v2\/media?parent=29593"}],"wp:term":[{"taxonomy":"product_cat","embeddable":true,"href":"https:\/\/iglesiapalabrapura.com\/site\/wp-json\/wp\/v2\/product_cat?post=29593"},{"taxonomy":"product_tag","embeddable":true,"href":"https:\/\/iglesiapalabrapura.com\/site\/wp-json\/wp\/v2\/product_tag?post=29593"}],"curies":[{"name":"wp","href":"https:\/\/api.w.org\/{rel}","templated":true}]}}