{"id":29628,"date":"2022-05-03T11:06:57","date_gmt":"2022-05-03T16:06:57","guid":{"rendered":"https:\/\/iglesiapalabrapura.com\/site\/?post_type=product&#038;p=29628"},"modified":"2024-05-17T11:24:22","modified_gmt":"2024-05-17T16:24:22","slug":"autoridad-y-sumision-serie","status":"publish","type":"product","link":"https:\/\/iglesiapalabrapura.com\/site\/product\/autoridad-y-sumision-serie\/","title":{"rendered":"Autoridad y Sumisi\u00f3n (Serie)"},"content":{"rendered":"","protected":false},"excerpt":{"rendered":"<p>La Palabra nos dice que debemos Someternos a Dios, el problema es que debemos someternos en el conocimiento que tenemos de \u00c9l. Es por esto que muchas personas creen que Dios es el causante de sus problemas, no entendiendo que sus dificultades son debidas a su falta de conocimiento sobre Qui\u00e9n es Dios y qu\u00e9 dice Su Palabra. Nuestro Pastor Rafael por medio de esta Ense\u00f1anza nos muestra la Importancia del conocimiento de Dios y el c\u00f3mo esto est\u00e1 relacionado en el sometimiento hacia \u00c9l.<\/p>\n<p>Serie de 6 partes.<\/p>\n<p>Ense\u00f1anza del a\u00f1o 2016<\/p>\n","protected":false},"featured_media":29433,"comment_status":"open","ping_status":"closed","template":"","meta":[],"product_cat":[52,840],"product_tag":[205,116,65,120],"class_list":{"0":"post-29628","1":"product","2":"type-product","3":"status-publish","4":"has-post-thumbnail","6":"product_cat-audioensenanza","7":"product_cat-rafael-lemes","8":"product_tag-autoridad-y-sumision","9":"product_tag-iglesia-palabra-pura","10":"product_tag-pastor-rafael-lemes","11":"product_tag-serie","13":"first","14":"instock","15":"downloadable","16":"virtual","17":"purchasable","18":"product-type-simple"},"_links":{"self":[{"href":"https:\/\/iglesiapalabrapura.com\/site\/wp-json\/wp\/v2\/product\/29628","targetHints":{"allow":["GET"]}}],"collection":[{"href":"https:\/\/iglesiapalabrapura.com\/site\/wp-json\/wp\/v2\/product"}],"about":[{"href":"https:\/\/iglesiapalabrapura.com\/site\/wp-json\/wp\/v2\/types\/product"}],"replies":[{"embeddable":true,"href":"https:\/\/iglesiapalabrapura.com\/site\/wp-json\/wp\/v2\/comments?post=29628"}],"wp:featuredmedia":[{"embeddable":true,"href":"https:\/\/iglesiapalabrapura.com\/site\/wp-json\/wp\/v2\/media\/29433"}],"wp:attachment":[{"href":"https:\/\/iglesiapalabrapura.com\/site\/wp-json\/wp\/v2\/media?parent=29628"}],"wp:term":[{"taxonomy":"product_cat","embeddable":true,"href":"https:\/\/iglesiapalabrapura.com\/site\/wp-json\/wp\/v2\/product_cat?post=29628"},{"taxonomy":"product_tag","embeddable":true,"href":"https:\/\/iglesiapalabrapura.com\/site\/wp-json\/wp\/v2\/product_tag?post=29628"}],"curies":[{"name":"wp","href":"https:\/\/api.w.org\/{rel}","templated":true}]}}