{"id":29638,"date":"2022-05-03T11:17:29","date_gmt":"2022-05-03T16:17:29","guid":{"rendered":"https:\/\/iglesiapalabrapura.com\/site\/?post_type=product&#038;p=29638"},"modified":"2024-05-17T11:24:08","modified_gmt":"2024-05-17T16:24:08","slug":"cuidando-lo-que-creemos","status":"publish","type":"product","link":"https:\/\/iglesiapalabrapura.com\/site\/product\/cuidando-lo-que-creemos\/","title":{"rendered":"Cuidando Lo Que Creemos"},"content":{"rendered":"","protected":false},"excerpt":{"rendered":"<p>La Palabra nos muestra en el Libro de Hechos c\u00f3mo las personas perseveraban en la doctrina dada por los Ap\u00f3stoles para as\u00ed cuidar sus creencias. Nuestro Pastor Rafael Lemes nos ense\u00f1a que de esta misma forma nosotros debemos perseverar, a\u00fan en medio de la adversidad, para estar inamovibles en nuestra fe.<\/p>\n<p>Ense\u00f1anza del a\u00f1o 2016<\/p>\n","protected":false},"featured_media":29444,"comment_status":"open","ping_status":"closed","template":"","meta":[],"product_cat":[52,840],"product_tag":[210,123,116,65],"class_list":{"0":"post-29638","1":"product","2":"type-product","3":"status-publish","4":"has-post-thumbnail","6":"product_cat-audioensenanza","7":"product_cat-rafael-lemes","8":"product_tag-cuidando-lo-que-creemos","9":"product_tag-ensenanza","10":"product_tag-iglesia-palabra-pura","11":"product_tag-pastor-rafael-lemes","13":"first","14":"instock","15":"downloadable","16":"virtual","17":"purchasable","18":"product-type-simple"},"_links":{"self":[{"href":"https:\/\/iglesiapalabrapura.com\/site\/wp-json\/wp\/v2\/product\/29638","targetHints":{"allow":["GET"]}}],"collection":[{"href":"https:\/\/iglesiapalabrapura.com\/site\/wp-json\/wp\/v2\/product"}],"about":[{"href":"https:\/\/iglesiapalabrapura.com\/site\/wp-json\/wp\/v2\/types\/product"}],"replies":[{"embeddable":true,"href":"https:\/\/iglesiapalabrapura.com\/site\/wp-json\/wp\/v2\/comments?post=29638"}],"wp:featuredmedia":[{"embeddable":true,"href":"https:\/\/iglesiapalabrapura.com\/site\/wp-json\/wp\/v2\/media\/29444"}],"wp:attachment":[{"href":"https:\/\/iglesiapalabrapura.com\/site\/wp-json\/wp\/v2\/media?parent=29638"}],"wp:term":[{"taxonomy":"product_cat","embeddable":true,"href":"https:\/\/iglesiapalabrapura.com\/site\/wp-json\/wp\/v2\/product_cat?post=29638"},{"taxonomy":"product_tag","embeddable":true,"href":"https:\/\/iglesiapalabrapura.com\/site\/wp-json\/wp\/v2\/product_tag?post=29638"}],"curies":[{"name":"wp","href":"https:\/\/api.w.org\/{rel}","templated":true}]}}