{"id":29640,"date":"2022-05-03T11:20:33","date_gmt":"2022-05-03T16:20:33","guid":{"rendered":"https:\/\/iglesiapalabrapura.com\/site\/?post_type=product&#038;p=29640"},"modified":"2023-02-03T10:36:10","modified_gmt":"2023-02-03T15:36:10","slug":"transformados-en-su-presencia","status":"publish","type":"product","link":"https:\/\/iglesiapalabrapura.com\/site\/product\/transformados-en-su-presencia\/","title":{"rendered":"Transformados en Su Presencia"},"content":{"rendered":"","protected":false},"excerpt":{"rendered":"<p>Muchos de nosotros al mirar las Escrituras que nos hablan sobre c\u00f3mo Mois\u00e9s estuvo con Dios, con la presencia de Dios, nos asombramos y decimos: \u201cwow, \u00a1qu\u00e9 gran privilegio!\u201d, sin entender que ahora no tenemos que salir a buscar un encuentro con \u00c9l, porque \u00c9l ahora habita en nosotros. Esta es la ense\u00f1anza que nos trae la Pastora Melissa Oberrath para que disfrutemos y\u00a0 transformemos en Su Presencia.<\/p>\n<p>Ense\u00f1anza del a\u00f1o 2016<\/p>\n","protected":false},"featured_media":29446,"comment_status":"open","ping_status":"closed","template":"","meta":[],"product_cat":[52],"product_tag":[123,116,124,211],"class_list":{"0":"post-29640","1":"product","2":"type-product","3":"status-publish","4":"has-post-thumbnail","6":"product_cat-audioensenanza","7":"product_tag-ensenanza","8":"product_tag-iglesia-palabra-pura","9":"product_tag-pastora-melissa-oberrath","10":"product_tag-transformados-en-su-presencia","12":"first","13":"instock","14":"downloadable","15":"virtual","16":"purchasable","17":"product-type-simple"},"_links":{"self":[{"href":"https:\/\/iglesiapalabrapura.com\/site\/wp-json\/wp\/v2\/product\/29640","targetHints":{"allow":["GET"]}}],"collection":[{"href":"https:\/\/iglesiapalabrapura.com\/site\/wp-json\/wp\/v2\/product"}],"about":[{"href":"https:\/\/iglesiapalabrapura.com\/site\/wp-json\/wp\/v2\/types\/product"}],"replies":[{"embeddable":true,"href":"https:\/\/iglesiapalabrapura.com\/site\/wp-json\/wp\/v2\/comments?post=29640"}],"wp:featuredmedia":[{"embeddable":true,"href":"https:\/\/iglesiapalabrapura.com\/site\/wp-json\/wp\/v2\/media\/29446"}],"wp:attachment":[{"href":"https:\/\/iglesiapalabrapura.com\/site\/wp-json\/wp\/v2\/media?parent=29640"}],"wp:term":[{"taxonomy":"product_cat","embeddable":true,"href":"https:\/\/iglesiapalabrapura.com\/site\/wp-json\/wp\/v2\/product_cat?post=29640"},{"taxonomy":"product_tag","embeddable":true,"href":"https:\/\/iglesiapalabrapura.com\/site\/wp-json\/wp\/v2\/product_tag?post=29640"}],"curies":[{"name":"wp","href":"https:\/\/api.w.org\/{rel}","templated":true}]}}