{"id":29651,"date":"2022-05-03T11:40:10","date_gmt":"2022-05-03T16:40:10","guid":{"rendered":"https:\/\/iglesiapalabrapura.com\/site\/?post_type=product&#038;p=29651"},"modified":"2025-06-20T15:35:15","modified_gmt":"2025-06-20T20:35:15","slug":"la-parabola-de-los-dos-hijos-serie","status":"publish","type":"product","link":"https:\/\/iglesiapalabrapura.com\/site\/product\/la-parabola-de-los-dos-hijos-serie\/","title":{"rendered":"La Par\u00e1bola de los Dos Hijos (Serie)"},"content":{"rendered":"","protected":false},"excerpt":{"rendered":"<p>Com\u00fanmente conocida como la par\u00e1bola del hijo pr\u00f3digo, sin embargo son dos los hijos involucrados en esta historia, en la que Jes\u00fas, a trav\u00e9s de ejemplos naturales ense\u00f1a verdades espirituales.<\/p>\n<p>Nuestra pastora Adriana H. Lemes, nos ense\u00f1ara por medio de esta serie, como funciona el reino de Dios, de modo que, no s\u00f3lo lo entendamos, sino tambi\u00e9n,\u00a0caminemos en su verdad.<\/p>\n<p>Serie de 2 ense\u00f1anzas<\/p>\n<p>Ense\u00f1anza del a\u00f1o 2019<\/p>\n","protected":false},"featured_media":29461,"comment_status":"open","ping_status":"closed","template":"","meta":[],"product_cat":[52,841,1182],"product_tag":[116,219,62,120],"class_list":{"0":"post-29651","1":"product","2":"type-product","3":"status-publish","4":"has-post-thumbnail","6":"product_cat-audioensenanza","7":"product_cat-adrianalemes","8":"product_cat-por-autor-audioensenanza","9":"product_tag-iglesia-palabra-pura","10":"product_tag-la-parabola-de-los-dos-hijos","11":"product_tag-pastora-adriana-lemes","12":"product_tag-serie","14":"first","15":"instock","16":"downloadable","17":"virtual","18":"purchasable","19":"product-type-simple"},"_links":{"self":[{"href":"https:\/\/iglesiapalabrapura.com\/site\/wp-json\/wp\/v2\/product\/29651","targetHints":{"allow":["GET"]}}],"collection":[{"href":"https:\/\/iglesiapalabrapura.com\/site\/wp-json\/wp\/v2\/product"}],"about":[{"href":"https:\/\/iglesiapalabrapura.com\/site\/wp-json\/wp\/v2\/types\/product"}],"replies":[{"embeddable":true,"href":"https:\/\/iglesiapalabrapura.com\/site\/wp-json\/wp\/v2\/comments?post=29651"}],"wp:featuredmedia":[{"embeddable":true,"href":"https:\/\/iglesiapalabrapura.com\/site\/wp-json\/wp\/v2\/media\/29461"}],"wp:attachment":[{"href":"https:\/\/iglesiapalabrapura.com\/site\/wp-json\/wp\/v2\/media?parent=29651"}],"wp:term":[{"taxonomy":"product_cat","embeddable":true,"href":"https:\/\/iglesiapalabrapura.com\/site\/wp-json\/wp\/v2\/product_cat?post=29651"},{"taxonomy":"product_tag","embeddable":true,"href":"https:\/\/iglesiapalabrapura.com\/site\/wp-json\/wp\/v2\/product_tag?post=29651"}],"curies":[{"name":"wp","href":"https:\/\/api.w.org\/{rel}","templated":true}]}}