{"id":29657,"date":"2022-05-03T11:55:14","date_gmt":"2022-05-03T16:55:14","guid":{"rendered":"https:\/\/iglesiapalabrapura.com\/site\/?post_type=product&#038;p=29657"},"modified":"2025-06-20T15:34:48","modified_gmt":"2025-06-20T20:34:48","slug":"especial-de-resurreccion-el-buen-samaritano","status":"publish","type":"product","link":"https:\/\/iglesiapalabrapura.com\/site\/product\/especial-de-resurreccion-el-buen-samaritano\/","title":{"rendered":"Especial de Resurrecci\u00f3n &#8220;El Buen Samaritano&#8221; 2021"},"content":{"rendered":"","protected":false},"excerpt":{"rendered":"<p>Nuestra idea o concepci\u00f3n del (Buen Samaritano) mencionado en los Evangelios es producto de la mala interpretaci\u00f3n de las Escrituras. Pero en esta ense\u00f1anza dada por la Pastora Adriana H. Lemes, la Palabra se abrir\u00e1 ante nuestros ojos para reconocer realmente qui\u00e9n ha sido, siempre, el Buen Samaritano.<\/p>\n<p>Ense\u00f1anza del a\u00f1o 2021<\/p>\n","protected":false},"featured_media":29468,"comment_status":"open","ping_status":"closed","template":"","meta":[],"product_cat":[52,841,1182],"product_tag":[123,222,116,62],"class_list":{"0":"post-29657","1":"product","2":"type-product","3":"status-publish","4":"has-post-thumbnail","6":"product_cat-audioensenanza","7":"product_cat-adrianalemes","8":"product_cat-por-autor-audioensenanza","9":"product_tag-ensenanza","10":"product_tag-especial-de-resurreccion-el-buen-samaritano","11":"product_tag-iglesia-palabra-pura","12":"product_tag-pastora-adriana-lemes","14":"first","15":"instock","16":"downloadable","17":"virtual","18":"purchasable","19":"product-type-simple"},"_links":{"self":[{"href":"https:\/\/iglesiapalabrapura.com\/site\/wp-json\/wp\/v2\/product\/29657","targetHints":{"allow":["GET"]}}],"collection":[{"href":"https:\/\/iglesiapalabrapura.com\/site\/wp-json\/wp\/v2\/product"}],"about":[{"href":"https:\/\/iglesiapalabrapura.com\/site\/wp-json\/wp\/v2\/types\/product"}],"replies":[{"embeddable":true,"href":"https:\/\/iglesiapalabrapura.com\/site\/wp-json\/wp\/v2\/comments?post=29657"}],"wp:featuredmedia":[{"embeddable":true,"href":"https:\/\/iglesiapalabrapura.com\/site\/wp-json\/wp\/v2\/media\/29468"}],"wp:attachment":[{"href":"https:\/\/iglesiapalabrapura.com\/site\/wp-json\/wp\/v2\/media?parent=29657"}],"wp:term":[{"taxonomy":"product_cat","embeddable":true,"href":"https:\/\/iglesiapalabrapura.com\/site\/wp-json\/wp\/v2\/product_cat?post=29657"},{"taxonomy":"product_tag","embeddable":true,"href":"https:\/\/iglesiapalabrapura.com\/site\/wp-json\/wp\/v2\/product_tag?post=29657"}],"curies":[{"name":"wp","href":"https:\/\/api.w.org\/{rel}","templated":true}]}}