{"id":29658,"date":"2022-05-03T12:00:26","date_gmt":"2022-05-03T17:00:26","guid":{"rendered":"https:\/\/iglesiapalabrapura.com\/site\/?post_type=product&#038;p=29658"},"modified":"2025-06-20T15:34:37","modified_gmt":"2025-06-20T20:34:37","slug":"estructurando-prosperidad-serie","status":"publish","type":"product","link":"https:\/\/iglesiapalabrapura.com\/site\/product\/estructurando-prosperidad-serie\/","title":{"rendered":"Estructurando Prosperidad (Serie)"},"content":{"rendered":"","protected":false},"excerpt":{"rendered":"<p class=\"p1\">Dictado por el Pastor Rafael Lemes<\/p>\n<p class=\"p1\">Serie de 5\u00a0 partes<\/p>\n<p>Introducci\u00f3n: La Palabra de Dios es como una estructura que sostiene todo en nuestras vidas, y a trav\u00e9s de ella aprender\u00e1s como darle un orden a tus finanzas y a tu matrimonio. Paso a paso ir\u00e1s descubriendo que cada decisi\u00f3n que tomas apoy\u00e1ndote en esa estructura, resulta ser muy diferente a como lo hac\u00edas antes. Comprender\u00e1s que establecer prioridades, en base a la Palabra, es la mejor manera de experimentar las bendiciones que Dios tiene para ti, y que caminar bajo el principio de obediencia constituye la honra a Dios en la medida en que le des m\u00e1s valor a Su Palabra y el primer lugar a Dios.<\/p>\n<p>Temas tratados:\u00a0 La fidelidad, enfocados en la Palabra y no en los milagros, la ley del principio, finanzas y el matrimonio, \u00bfa qu\u00e9 le est\u00e1 dando valor?<\/p>\n<p>Ense\u00f1anza del a\u00f1o 2021<\/p>\n","protected":false},"featured_media":29470,"comment_status":"open","ping_status":"closed","template":"","meta":[],"product_cat":[52,1182,840],"product_tag":[223,116,65,120],"class_list":{"0":"post-29658","1":"product","2":"type-product","3":"status-publish","4":"has-post-thumbnail","6":"product_cat-audioensenanza","7":"product_cat-por-autor-audioensenanza","8":"product_cat-rafael-lemes","9":"product_tag-estructurando-prosperidad","10":"product_tag-iglesia-palabra-pura","11":"product_tag-pastor-rafael-lemes","12":"product_tag-serie","14":"first","15":"instock","16":"downloadable","17":"virtual","18":"purchasable","19":"product-type-simple"},"_links":{"self":[{"href":"https:\/\/iglesiapalabrapura.com\/site\/wp-json\/wp\/v2\/product\/29658","targetHints":{"allow":["GET"]}}],"collection":[{"href":"https:\/\/iglesiapalabrapura.com\/site\/wp-json\/wp\/v2\/product"}],"about":[{"href":"https:\/\/iglesiapalabrapura.com\/site\/wp-json\/wp\/v2\/types\/product"}],"replies":[{"embeddable":true,"href":"https:\/\/iglesiapalabrapura.com\/site\/wp-json\/wp\/v2\/comments?post=29658"}],"wp:featuredmedia":[{"embeddable":true,"href":"https:\/\/iglesiapalabrapura.com\/site\/wp-json\/wp\/v2\/media\/29470"}],"wp:attachment":[{"href":"https:\/\/iglesiapalabrapura.com\/site\/wp-json\/wp\/v2\/media?parent=29658"}],"wp:term":[{"taxonomy":"product_cat","embeddable":true,"href":"https:\/\/iglesiapalabrapura.com\/site\/wp-json\/wp\/v2\/product_cat?post=29658"},{"taxonomy":"product_tag","embeddable":true,"href":"https:\/\/iglesiapalabrapura.com\/site\/wp-json\/wp\/v2\/product_tag?post=29658"}],"curies":[{"name":"wp","href":"https:\/\/api.w.org\/{rel}","templated":true}]}}